{"id":1007,"date":"2020-09-29T18:37:28","date_gmt":"2020-09-29T16:37:28","guid":{"rendered":"http:\/\/www.steremat-afs.de\/wordpress\/?page_id=1007"},"modified":"2025-06-01T15:52:11","modified_gmt":"2025-06-01T13:52:11","slug":"gartenfelder-strasse","status":"publish","type":"page","link":"https:\/\/www.steremat-afs.de\/wordpress\/standorte\/gartenfelder-strasse\/","title":{"rendered":"Gartenfelder Stra\u00dfe"},"content":{"rendered":"\n<p class=\"has-text-align-center has-large-font-size\"><strong>Projektstandort:<\/strong><br><\/p>\n\n\n\n<p class=\"has-text-align-center has-large-font-size\"><strong>Steremat-Projektzentrum<\/strong><br><strong>Gartenfelder Stra\u00dfe 28, Geb\u00e4ude HW 78<\/strong><\/p>\n\n\n\n<p class=\"has-text-align-center has-large-font-size\">(TRIGO Business Park)<\/p>\n\n\n\n<p class=\"has-text-align-center has-large-font-size\"><strong>13599 Berlin-Spandau (Haselhorst)<\/strong><\/p>\n\n\n\n<hr class=\"wp-block-separator has-css-opacity\"\/>\n\n\n\n<p class=\"has-text-align-center\" style=\"font-size:26px\"><strong>Ansprechpartner<\/strong><\/p>\n\n\n\n<p class=\"has-text-align-center\" style=\"font-size:24px\"><strong>Herr Frank Buchholz<\/strong><\/p>\n\n\n<div class=\"wp-block-image is-resized\">\n<figure class=\"aligncenter size-large\"><img loading=\"lazy\" decoding=\"async\" width=\"1024\" height=\"615\" src=\"https:\/\/www.steremat-afs.de\/wordpress\/wp-content\/uploads\/2021\/11\/IMG_8599-1024x615.jpg\" alt=\"\" class=\"wp-image-1689\" srcset=\"https:\/\/www.steremat-afs.de\/wordpress\/wp-content\/uploads\/2021\/11\/IMG_8599-1024x615.jpg 1024w, https:\/\/www.steremat-afs.de\/wordpress\/wp-content\/uploads\/2021\/11\/IMG_8599-300x180.jpg 300w, https:\/\/www.steremat-afs.de\/wordpress\/wp-content\/uploads\/2021\/11\/IMG_8599-768x461.jpg 768w, https:\/\/www.steremat-afs.de\/wordpress\/wp-content\/uploads\/2021\/11\/IMG_8599-1536x923.jpg 1536w, https:\/\/www.steremat-afs.de\/wordpress\/wp-content\/uploads\/2021\/11\/IMG_8599-2048x1230.jpg 2048w, https:\/\/www.steremat-afs.de\/wordpress\/wp-content\/uploads\/2021\/11\/IMG_8599-1200x721.jpg 1200w, https:\/\/www.steremat-afs.de\/wordpress\/wp-content\/uploads\/2021\/11\/IMG_8599-1980x1189.jpg 1980w\" sizes=\"(max-width: 1024px) 100vw, 1024px\" \/><\/figure><\/div>\n\n\n<p class=\"has-text-align-center\" style=\"font-size:24px\"><br><\/p>\n\n\n\n<p class=\"has-text-align-center\" style=\"font-size:24px\"><strong>Herr  Andreas Pisczor<\/strong><\/p>\n\n\n\n<hr class=\"wp-block-separator has-css-opacity\"\/>\n\n\n\n<p class=\"has-text-align-center has-large-font-size\">tel.: <strong>030 44 36 19 05<\/strong><br>mail: <strong>info<\/strong> [at] <strong>steremat-afs.de<\/strong><\/p>\n\n\n\n<hr class=\"wp-block-separator has-css-opacity\"\/>\n\n\n\n<figure class=\"wp-block-image size-large\"><img loading=\"lazy\" decoding=\"async\" width=\"1024\" height=\"774\" src=\"https:\/\/www.steremat-afs.de\/wordpress\/wp-content\/uploads\/2023\/11\/Karte_mit_weg-1024x774.jpg\" alt=\"\" class=\"wp-image-1984\" srcset=\"https:\/\/www.steremat-afs.de\/wordpress\/wp-content\/uploads\/2023\/11\/Karte_mit_weg-1024x774.jpg 1024w, https:\/\/www.steremat-afs.de\/wordpress\/wp-content\/uploads\/2023\/11\/Karte_mit_weg-300x227.jpg 300w, https:\/\/www.steremat-afs.de\/wordpress\/wp-content\/uploads\/2023\/11\/Karte_mit_weg-768x580.jpg 768w, https:\/\/www.steremat-afs.de\/wordpress\/wp-content\/uploads\/2023\/11\/Karte_mit_weg.jpg 1096w\" sizes=\"(max-width: 1024px) 100vw, 1024px\" \/><\/figure>\n\n\n\n<p class=\"has-text-align-center has-large-font-size\"><small><strong><a href=\"https:\/\/www.openstreetmap.org\/?mlat=52.5502&amp;mlon=13.2389#map=16\/52.5502\/13.2389\" target=\"_blank\" rel=\"noreferrer noopener\">Gr\u00f6\u00dfere Karte anzeigen<\/a><\/strong><\/small><\/p>\n\n\n\n<p class=\"has-text-align-center has-large-font-size\">So finden Sie uns auf dem Betriebsgel\u00e4nde der Gartenfelder Stra\u00dfe 28 (sehr gro\u00dfes Gel\u00e4nde!):<\/p>\n\n\n\n<div class=\"wp-block-buttons is-content-justification-center is-layout-flex wp-container-core-buttons-is-layout-1 wp-block-buttons-is-layout-flex\">\n<div class=\"wp-block-button is-style-fill\"><a class=\"wp-block-button__link has-background-color has-text-color wp-element-button\" href=\"https:\/\/www.steremat-afs.de\/wordpress\/wp-content\/uploads\/2023\/11\/wegbeschreibung.pdf\" style=\"border-radius:50px\" target=\"_blank\" rel=\"noreferrer noopener\">Klicken sie hier<br>f\u00fcr eine genaue <br>wegbeschreibung <br>in<br>Bildern<\/a><\/div>\n<\/div>\n\n\n\n<p><br><\/p>\n\n\n\n<p class=\"has-text-align-center has-large-font-size\"><strong>Verkehrsverbindungen:<\/strong><\/p>\n\n\n<div class=\"wp-block-image\">\n<figure class=\"aligncenter size-thumbnail is-resized\"><img loading=\"lazy\" decoding=\"async\" width=\"150\" height=\"150\" src=\"https:\/\/www.steremat-afs.de\/wordpress\/wp-content\/uploads\/2020\/10\/2000px-S-Bahn-Logo.svg_-150x150.png\" alt=\"\" class=\"wp-image-1286\" style=\"width:38px;height:38px\" srcset=\"https:\/\/www.steremat-afs.de\/wordpress\/wp-content\/uploads\/2020\/10\/2000px-S-Bahn-Logo.svg_-150x150.png 150w, https:\/\/www.steremat-afs.de\/wordpress\/wp-content\/uploads\/2020\/10\/2000px-S-Bahn-Logo.svg_-1015x1024.png 1015w, https:\/\/www.steremat-afs.de\/wordpress\/wp-content\/uploads\/2020\/10\/2000px-S-Bahn-Logo.svg_-768x775.png 768w, https:\/\/www.steremat-afs.de\/wordpress\/wp-content\/uploads\/2020\/10\/2000px-S-Bahn-Logo.svg_-1523x1536.png 1523w, https:\/\/www.steremat-afs.de\/wordpress\/wp-content\/uploads\/2020\/10\/2000px-S-Bahn-Logo.svg_-1200x1210.png 1200w, https:\/\/www.steremat-afs.de\/wordpress\/wp-content\/uploads\/2020\/10\/2000px-S-Bahn-Logo.svg_-1980x1997.png 1980w, https:\/\/www.steremat-afs.de\/wordpress\/wp-content\/uploads\/2020\/10\/2000px-S-Bahn-Logo.svg_.png 2000w\" sizes=\"(max-width: 150px) 100vw, 150px\" \/><\/figure><\/div>\n\n\n<p class=\"has-text-align-center has-large-font-size\"><strong>S3, S9<\/strong><br>S-Bhf. Spandau<br><strong>S41, S42<\/strong><br>S-Bhf. Jungfernheide<\/p>\n\n\n<div class=\"wp-block-image\">\n<figure class=\"aligncenter size-thumbnail is-resized\"><img loading=\"lazy\" decoding=\"async\" width=\"150\" height=\"150\" src=\"https:\/\/www.steremat-afs.de\/wordpress\/wp-content\/uploads\/2020\/10\/1200px-BUS-Logo-BVG.svg_-150x150.png\" alt=\"\" class=\"wp-image-1288\" style=\"width:38px;height:38px\" srcset=\"https:\/\/www.steremat-afs.de\/wordpress\/wp-content\/uploads\/2020\/10\/1200px-BUS-Logo-BVG.svg_-150x150.png 150w, https:\/\/www.steremat-afs.de\/wordpress\/wp-content\/uploads\/2020\/10\/1200px-BUS-Logo-BVG.svg_-300x300.png 300w, https:\/\/www.steremat-afs.de\/wordpress\/wp-content\/uploads\/2020\/10\/1200px-BUS-Logo-BVG.svg_-1024x1024.png 1024w, https:\/\/www.steremat-afs.de\/wordpress\/wp-content\/uploads\/2020\/10\/1200px-BUS-Logo-BVG.svg_-768x768.png 768w, https:\/\/www.steremat-afs.de\/wordpress\/wp-content\/uploads\/2020\/10\/1200px-BUS-Logo-BVG.svg_.png 1200w\" sizes=\"(max-width: 150px) 100vw, 150px\" \/><\/figure><\/div>\n\n\n<p class=\"has-text-align-center has-large-font-size\"><strong>X33, 133<\/strong><br>Gartenfeld<\/p>\n\n\n<div class=\"wp-block-image\">\n<figure class=\"aligncenter size-thumbnail is-resized\"><img loading=\"lazy\" decoding=\"async\" width=\"150\" height=\"150\" src=\"https:\/\/www.steremat-afs.de\/wordpress\/wp-content\/uploads\/2020\/10\/U-Bahn-150x150.png\" alt=\"\" class=\"wp-image-1314\" style=\"width:38px;height:38px\" srcset=\"https:\/\/www.steremat-afs.de\/wordpress\/wp-content\/uploads\/2020\/10\/U-Bahn-150x150.png 150w, https:\/\/www.steremat-afs.de\/wordpress\/wp-content\/uploads\/2020\/10\/U-Bahn-300x300.png 300w, https:\/\/www.steremat-afs.de\/wordpress\/wp-content\/uploads\/2020\/10\/U-Bahn-1024x1024.png 1024w, https:\/\/www.steremat-afs.de\/wordpress\/wp-content\/uploads\/2020\/10\/U-Bahn-768x768.png 768w, https:\/\/www.steremat-afs.de\/wordpress\/wp-content\/uploads\/2020\/10\/U-Bahn-1536x1536.png 1536w, https:\/\/www.steremat-afs.de\/wordpress\/wp-content\/uploads\/2020\/10\/U-Bahn-2048x2048.png 2048w, https:\/\/www.steremat-afs.de\/wordpress\/wp-content\/uploads\/2020\/10\/U-Bahn-1200x1200.png 1200w, https:\/\/www.steremat-afs.de\/wordpress\/wp-content\/uploads\/2020\/10\/U-Bahn-1980x1980.png 1980w\" sizes=\"(max-width: 150px) 100vw, 150px\" \/><\/figure><\/div>\n\n\n<p class=\"has-text-align-center has-large-font-size\"><strong>U6<\/strong><br>Holzhauser Stra\u00dfe<br><strong>U7<\/strong><br>Haselhorst<\/p>\n\n\n\n<hr class=\"wp-block-separator has-css-opacity\"\/>\n\n\n\n<p class=\"has-text-align-center has-large-font-size\"><strong>Weitere Projektstandorte:<\/strong><\/p>\n\n\n\n<div class=\"wp-block-buttons is-content-justification-center is-layout-flex wp-container-core-buttons-is-layout-2 wp-block-buttons-is-layout-flex\">\n<div class=\"wp-block-button\"><a class=\"wp-block-button__link has-background-color has-text-color wp-element-button\" href=\"https:\/\/www.steremat-afs.de\/wordpress\/standorte\/\" style=\"border-radius:50px\"><strong>Storkower Stra\u00dfe 99, 10407<\/strong> Berlin<\/a><\/div>\n<\/div>\n\n\n\n<div class=\"wp-block-buttons is-content-justification-center is-layout-flex wp-container-core-buttons-is-layout-3 wp-block-buttons-is-layout-flex\">\n<div class=\"wp-block-button\"><a class=\"wp-block-button__link has-background-color has-text-color wp-element-button\" href=\"https:\/\/www.steremat-afs.de\/wordpress\/standorte\/gustav-adolf-strasse\/\" style=\"border-radius:50px\"><strong>Gustav-adolf-stra\u00dfe 5, 13086 Berlin<\/strong><\/a><\/div>\n<\/div>\n\n\n\n<div class=\"wp-block-buttons is-content-justification-center is-layout-flex wp-container-core-buttons-is-layout-4 wp-block-buttons-is-layout-flex\">\n<div class=\"wp-block-button\"><a class=\"wp-block-button__link has-background-color has-text-color wp-element-button\" href=\"https:\/\/www.steremat-afs.de\/wordpress\/standorte\/lahnstrasse\/\" style=\"border-radius:50px\"><strong>lahnstra\u00dfe 58\/70, 12055 Berlin<\/strong><\/a><\/div>\n<\/div>\n\n\n\n<div class=\"wp-block-buttons is-content-justification-center is-layout-flex wp-container-core-buttons-is-layout-5 wp-block-buttons-is-layout-flex\">\n<div class=\"wp-block-button\"><a class=\"wp-block-button__link has-background-color has-text-color has-link-color wp-element-button\" href=\"https:\/\/www.steremat-afs.de\/wordpress\/standorte\/michael-bohnen-ring\/\" style=\"border-radius:50px\"><strong>Michael-Bohnen-Ring 15, 12057 Berlin<\/strong><\/a><\/div>\n<\/div>\n\n\n\n<hr class=\"wp-block-separator has-css-opacity\"\/>\n\n\n\n<p class=\"has-text-align-center has-large-font-size\">Sie wollen &#8222;noch mehr&#8220; \u00fcber uns wissen? <br><br>Dann lesen Sie hier nach, <br>was unsere Neuigkeiten sind:<\/p>\n\n\n\n<div class=\"wp-block-buttons is-content-justification-center is-layout-flex wp-container-core-buttons-is-layout-6 wp-block-buttons-is-layout-flex\">\n<div class=\"wp-block-button\"><a class=\"wp-block-button__link has-background-color has-text-color wp-element-button\" href=\"https:\/\/www.steremat-afs.de\/wordpress\/aktuelles\/\" style=\"border-radius:50px\"><strong>Aktuelles<\/strong><\/a><\/div>\n<\/div>\n\n\n\n<p class=\"has-text-align-center has-large-font-size\"><br><br><\/p>\n","protected":false},"excerpt":{"rendered":"<p>Projektstandort: Steremat-ProjektzentrumGartenfelder Stra\u00dfe 28, Geb\u00e4ude HW 78 (TRIGO Business Park) 13599 Berlin-Spandau (Haselhorst) Ansprechpartner Herr Frank Buchholz Herr Andreas Pisczor tel.: 030 44 36 19 05mail: info [at] steremat-afs.de Gr\u00f6\u00dfere Karte anzeigen So finden Sie uns auf dem Betriebsgel\u00e4nde der Gartenfelder Stra\u00dfe 28 (sehr gro\u00dfes Gel\u00e4nde!): Verkehrsverbindungen: S3, S9S-Bhf. SpandauS41, S42S-Bhf. Jungfernheide X33, 133Gartenfeld U6Holzhauser [&hellip;]<\/p>\n","protected":false},"author":1,"featured_media":1788,"parent":93,"menu_order":0,"comment_status":"closed","ping_status":"closed","template":"","meta":{"footnotes":""},"jetpack_sharing_enabled":true,"_links":{"self":[{"href":"https:\/\/www.steremat-afs.de\/wordpress\/wp-json\/wp\/v2\/pages\/1007"}],"collection":[{"href":"https:\/\/www.steremat-afs.de\/wordpress\/wp-json\/wp\/v2\/pages"}],"about":[{"href":"https:\/\/www.steremat-afs.de\/wordpress\/wp-json\/wp\/v2\/types\/page"}],"author":[{"embeddable":true,"href":"https:\/\/www.steremat-afs.de\/wordpress\/wp-json\/wp\/v2\/users\/1"}],"replies":[{"embeddable":true,"href":"https:\/\/www.steremat-afs.de\/wordpress\/wp-json\/wp\/v2\/comments?post=1007"}],"version-history":[{"count":61,"href":"https:\/\/www.steremat-afs.de\/wordpress\/wp-json\/wp\/v2\/pages\/1007\/revisions"}],"predecessor-version":[{"id":2261,"href":"https:\/\/www.steremat-afs.de\/wordpress\/wp-json\/wp\/v2\/pages\/1007\/revisions\/2261"}],"up":[{"embeddable":true,"href":"https:\/\/www.steremat-afs.de\/wordpress\/wp-json\/wp\/v2\/pages\/93"}],"wp:featuredmedia":[{"embeddable":true,"href":"https:\/\/www.steremat-afs.de\/wordpress\/wp-json\/wp\/v2\/media\/1788"}],"wp:attachment":[{"href":"https:\/\/www.steremat-afs.de\/wordpress\/wp-json\/wp\/v2\/media?parent=1007"}],"curies":[{"name":"wp","href":"https:\/\/api.w.org\/{rel}","templated":true}]}}