{"id":123,"date":"2020-06-23T11:07:51","date_gmt":"2020-06-23T09:07:51","guid":{"rendered":"http:\/\/www.steremat-afs.de\/wordpress\/?page_id=123"},"modified":"2023-12-08T14:37:03","modified_gmt":"2023-12-08T13:37:03","slug":"allgemeine-geschaeftsbedingungen","status":"publish","type":"page","link":"https:\/\/www.steremat-afs.de\/wordpress\/allgemeine-geschaeftsbedingungen\/","title":{"rendered":"AGB"},"content":{"rendered":"\n<h4 class=\"has-text-align-center wp-block-heading\">Allgemeine Gesch\u00e4ftsbedingungen<\/h4>\n\n\n\n<p class=\"has-large-font-size\">Bei der Steremat Arbeitsf\u00f6rderungs- und Strukturentwicklungsgesellschaft mbH<br>(Steremat AFS GmbH) steht im Mittelpunkt der Gesellschaft die Besch\u00e4ftigung, Qualifizierung und sozialp\u00e4dagogische Betreuung von schwervermittelbaren arbeitslosen Menschen. Dazu wird f\u00fcr \u00f6ffentlich gef\u00f6rderte Arbeitsf\u00f6rderungs- und Qualifizierungsprojekte die Rechtstr\u00e4gerschaft im Rahmen der geltenden Gesetze und der von den F\u00f6rdermittelgebern erlassenen Bewilligungs- und Zuwendungsbescheide \u00fcbernommen.<\/p>\n\n\n\n<p class=\"has-large-font-size\">Vertr\u00e4ge und Vereinbarungen mit der Steremat AFS GmbH unterliegen diesen Regelungen und Bescheiden.&nbsp; Zu beachtende Besonderheiten werden mit den Vertragspartnern im jeweiligen Vertragstext vereinbart. Das gilt auch f\u00fcr R\u00fccktrittsregelungen.<\/p>\n\n\n\n<p class=\"has-large-font-size\">Arbeitsuchende k\u00f6nnen in den Arbeitsf\u00f6rderungs- und Qualifizierungsprojekten nur mit Zuweisung \/ Vermittlung des Jobcenters besch\u00e4ftigt werden und wenn das jeweilige Projekt im Wohnbezirk der \/ des Arbeitsuchenden l\u00e4uft.<\/p>\n\n\n\n<p class=\"has-large-font-size\">Gebende und nehmende Dienstleistungen und Produkte im Rahmen von Arbeitsf\u00f6rderungs- und Qualifizierungsprojekten sind nur w\u00e4hrend der Laufzeit der jeweiligen Projekte m\u00f6glich. Gebende Leistungen enden gegebenenfalls zur Wahrnehmung notwendiger Gew\u00e4hrleistungen mindestens 14 Tage vor Ende der Projekte. Anspruch auf Gew\u00e4hrleistung muss bis zum Ende der Projektlaufzeit erhoben werden. Nehmende Dienstleistungen sind nur in der Projektlaufzeit finanzierbar. Die gegebenenfalls notwendige Rechnungslegung muss vor Ende der Projektlaufzeit erfolgen.<\/p>\n\n\n\n<p class=\"has-large-font-size\">Der Datenschutz ist gesichert und wird durch eine Datenschutzbeauftragte kontrolliert. Daten werden nur in besonderen Ausnahmen (z. B. EU-finanzierte Qualifizierung) und mit ausdr\u00fccklicher Zustimmung des Betroffenen an Dritte weitergegeben.<\/p>\n\n\n\n<p class=\"has-large-font-size\">Die Haftung unterliegt den gesetzlichen Regelungen.<\/p>\n","protected":false},"excerpt":{"rendered":"<p>Allgemeine Gesch\u00e4ftsbedingungen Bei der Steremat Arbeitsf\u00f6rderungs- und Strukturentwicklungsgesellschaft mbH(Steremat AFS GmbH) steht im Mittelpunkt der Gesellschaft die Besch\u00e4ftigung, Qualifizierung und sozialp\u00e4dagogische Betreuung von schwervermittelbaren arbeitslosen Menschen. Dazu wird f\u00fcr \u00f6ffentlich gef\u00f6rderte Arbeitsf\u00f6rderungs- und Qualifizierungsprojekte die Rechtstr\u00e4gerschaft im Rahmen der geltenden Gesetze und der von den F\u00f6rdermittelgebern erlassenen Bewilligungs- und Zuwendungsbescheide \u00fcbernommen. Vertr\u00e4ge und Vereinbarungen mit [&hellip;]<\/p>\n","protected":false},"author":1,"featured_media":126,"parent":0,"menu_order":0,"comment_status":"closed","ping_status":"closed","template":"","meta":{"footnotes":""},"jetpack_sharing_enabled":true,"_links":{"self":[{"href":"https:\/\/www.steremat-afs.de\/wordpress\/wp-json\/wp\/v2\/pages\/123"}],"collection":[{"href":"https:\/\/www.steremat-afs.de\/wordpress\/wp-json\/wp\/v2\/pages"}],"about":[{"href":"https:\/\/www.steremat-afs.de\/wordpress\/wp-json\/wp\/v2\/types\/page"}],"author":[{"embeddable":true,"href":"https:\/\/www.steremat-afs.de\/wordpress\/wp-json\/wp\/v2\/users\/1"}],"replies":[{"embeddable":true,"href":"https:\/\/www.steremat-afs.de\/wordpress\/wp-json\/wp\/v2\/comments?post=123"}],"version-history":[{"count":6,"href":"https:\/\/www.steremat-afs.de\/wordpress\/wp-json\/wp\/v2\/pages\/123\/revisions"}],"predecessor-version":[{"id":2051,"href":"https:\/\/www.steremat-afs.de\/wordpress\/wp-json\/wp\/v2\/pages\/123\/revisions\/2051"}],"wp:featuredmedia":[{"embeddable":true,"href":"https:\/\/www.steremat-afs.de\/wordpress\/wp-json\/wp\/v2\/media\/126"}],"wp:attachment":[{"href":"https:\/\/www.steremat-afs.de\/wordpress\/wp-json\/wp\/v2\/media?parent=123"}],"curies":[{"name":"wp","href":"https:\/\/api.w.org\/{rel}","templated":true}]}}