{"id":1460,"date":"2021-01-19T11:22:30","date_gmt":"2021-01-19T10:22:30","guid":{"rendered":"http:\/\/www.steremat-afs.de\/?page_id=1460"},"modified":"2026-04-21T17:40:47","modified_gmt":"2026-04-21T15:40:47","slug":"lahnstrasse","status":"publish","type":"page","link":"https:\/\/www.steremat-afs.de\/wordpress\/angebote\/massnahmen\/lahnstrasse\/","title":{"rendered":"Lahnstra\u00dfe"},"content":{"rendered":"\n<h3 class=\"wp-block-heading has-text-align-center\">Lahnstra\u00dfe 58\/70<br> <strong><strong>12055 Berlin<\/strong><\/strong><\/h3>\n\n\n\n<h2 class=\"wp-block-heading has-text-align-center\" style=\"font-size:26px\"><strong>Laufende Projekte und Ma\u00dfnahmen:<\/strong><\/h2>\n\n\n\n<p><\/p>\n\n\n\n<p><strong>Titel<\/strong>:<br><strong>Datenerhebung zu Baudenkmalen in Tempelhof-Sch\u00f6neberg<\/strong><br>Jobcenter Tempelhof-Sch\u00f6neberg<br>nach \u00a7 16i SGB II (Projektf\u00f6rderung in \u00f6ffentlich gef\u00f6rderter Besch\u00e4ftigung in Berlin \u2013 BiB)<\/p>\n\n\n\n<p><strong>T\u00e4tigkeiten:<\/strong><br>Besichtigung und Begehung der Denkmale, Erfassung\/<br>Fotografieren\/Dokumentieren der Denkmale, Sichten, Sammeln, Zusammenstellen von Material zu baugeschichtlichen Fakten aus Schrift- und Bilddokumentationen in Archiven, Anlegen einer Fotodokumentation f\u00fcr die Denkmale, Zusammenstellen einer kurzen bauhistorischen Chronik f\u00fcr die einzelnen Objekte, Erarbeiten zusammen-fassender Materialsammlungen \u00fcber die Baudenkmale, Sortieren, Ablegen, Erfassen, Digitalisieren historisch bedeutsamer Bauakten und begleitender Unterlagen.<\/p>\n\n\n\n<p><strong>Teilnehmer:<\/strong>&nbsp; 3<br><strong>Start:<\/strong>&nbsp;&nbsp;&nbsp;&nbsp;&nbsp;&nbsp;&nbsp;&nbsp;&nbsp;&nbsp;&nbsp;&nbsp; 2024<br><strong>Abschluss:<\/strong>&nbsp;&nbsp; 2026<\/p>\n\n\n\n<hr class=\"wp-block-separator has-css-opacity\"\/>\n\n\n\n<p><strong>Titel:<\/strong><br><strong>Erfassung und Dokumentation Neuk\u00f6llner Ortsteilgeschichte<\/strong><br>Jobcenter Neuk\u00f6lln<br>nach \u00a7 16i SGB II (Projektf\u00f6rderung in \u00f6ffentlich gef\u00f6rderter Besch\u00e4ftigung in Berlin \u2013 BiB)<\/p>\n\n\n\n<p><strong>T\u00e4tigkeiten:<\/strong><\/p>\n\n\n\n<p>Besichtigung und Begehung der Denkmale zur Ortsteilgeschichte, Sichten, Sammeln, Zusammenstellen von Material zu baugeschichtlichen Fakten, Anlegen einer Fotodokumentation, Zusammenstellen einer Kurzchronik zur Baugeschichte der Objekte, Erarbeiten zusammenfassender Materialsammlungen zu den Baudenkmalen, Ausw\u00e4hlen und Festlegen m\u00f6glicher Denkmalrouten und Ortsteilrundg\u00e4nge, Zusammenstelllen von Material (Fotos\/Texte) dazu, Erstellen von Rohfassungen\/Entw\u00fcrfen f\u00fcr Flyer\/Begleithefte\/Schautafeln\/Pl\u00e4ne f\u00fcr die Routen.<\/p>\n\n\n\n<p><strong>Teilnehmer:<\/strong>&nbsp; 4<br><strong>Start:<\/strong>&nbsp;&nbsp;&nbsp;&nbsp;&nbsp;&nbsp;&nbsp;&nbsp;&nbsp;&nbsp;&nbsp;&nbsp; 2023<br><strong>Abschluss:<\/strong>&nbsp;&nbsp; 2028<\/p>\n\n\n\n<hr class=\"wp-block-separator has-css-opacity\"\/>\n\n\n\n<p><strong>Titel:<\/strong><br><strong>Saubere Spielpl\u00e4tze Neuk\u00f6lln<\/strong><br>Jobcenter Neuk\u00f6lln<br>nach \u00a7 16i SGB II (Projektf\u00f6rderung in \u00f6ffentlich gef\u00f6rderter Besch\u00e4ftigung in Berlin \u2013 BiB)<\/p>\n\n\n\n<p><strong>T\u00e4tigkeiten:<\/strong><br>Regelm\u00e4\u00dfige Begehungen der Spiel- und Bolzpl\u00e4tze in Absprache mit dem Bezirksamt, Aufnahme von Sch\u00e4den und Verunreinigungen zur Weiterleitung an die zust\u00e4ndigen Stellen, Zusammentragen von M\u00fcll auf den Spiel- und Bolzpl\u00e4tzen, Vorbereitung zur Entsorgung, Beseitigung von Laub und Unkraut auf Wegen und Spielbereichen, Kleinreparaturen z. B. an B\u00e4nken, einfache T\u00e4tigkeiten bei der Erhaltung von Geh\u00f6lzgruppen, Freihalten von Wegen und Zug\u00e4ngen (keine Baumschnittarbeiten) in Absprache mit dem SGA, Ausbesserungsarbeiten an biotopverbindenden Strukturen, Unterst\u00fctzung bei der Aufkl\u00e4rungsarbeit von B\u00fcrger*innen zu Nutzung und Erhalt von Spielpl\u00e4tzen.<\/p>\n\n\n\n<p><strong>Teilnehmer:<\/strong>&nbsp; 5<br><strong>Start:<\/strong>&nbsp;&nbsp;&nbsp;&nbsp;&nbsp;&nbsp;&nbsp;&nbsp;&nbsp;&nbsp;&nbsp;&nbsp; 2023<br><strong>Abschluss:<\/strong>&nbsp;&nbsp; 2028<\/p>\n\n\n\n<hr class=\"wp-block-separator has-css-opacity\"\/>\n\n\n\n<p><strong>Titel:<\/strong><br><strong>Recycle \u2013 Soziale Fahrradwerkstatt<\/strong><br>Jobcenter Neuk\u00f6lln<br>Ma\u00dfnahme-Nummer: 922\/2033\/25<br>Arbeitsgelegenheiten mit Mehraufwandsentsch\u00e4digung<br>(AGH-MAE)<\/p>\n\n\n\n<p><strong>T\u00e4tigkeiten:<\/strong><br>Handwerkliche T\u00e4tigkeiten an Fahrr\u00e4dern, Laufr\u00e4dern, Rollern, Puppenwagen \u2013 z. B. Reparieren, Aufarbeiten, Versch\u00f6nern \u2013 f\u00fcr Kitas, Schulen, weitere \u00f6ffentliche und gemeinn\u00fctzige Einrichtungen und Bed\u00fcrftige zur Wieder- bzw. Weiterverwendung; Vermittlung einfacher handwerklicher Kenntnisse im Rahmen von \u201eHilfe zur Selbsthilfe\u201c- Projekten, z. B. Handhabung von Heimwerkzeug und Vermittlung einfacher Kenntnisse zur Verkehrssicherheit und Reparatur von Fahrr\u00e4dern, Unterst\u00fctzung von kostenfreien Veranstaltungen insbesondere zur Verkehrssicherheit in o.g. Einrichtungen, durch Bereitstellung von Fahrr\u00e4dern, Rollern, Verkehrsschilder, Hilfe beim Zusammenbau von Museumsst\u00fccken. Die Arbeitsleistungen der Werkstatt sind kostenlos.<\/p>\n\n\n\n<p><strong>Besch\u00e4ftigungsumfang:<\/strong><br>15 &#8211; 30 Stunden\/Woche<br>Montag &#8211; Freitag von 08:00 Uhr bis 14:00 Uhr<\/p>\n\n\n\n<p><strong>Teilnehmer: &nbsp; <\/strong>9<br><strong>Start:<\/strong>&nbsp;&nbsp;&nbsp;&nbsp;&nbsp;&nbsp;&nbsp;&nbsp;&nbsp;&nbsp;&nbsp;&nbsp;&nbsp; 20.05.2025<br><strong>Abschluss: &nbsp;&nbsp; <\/strong>19.05.2026<\/p>\n\n\n\n<hr class=\"wp-block-separator has-css-opacity\"\/>\n\n\n\n<p><strong>Titel:<\/strong><br><strong>Recycle \u2013 Soziale Fahrradwerkstatt<\/strong><br>Jobcenter Treptow-K\u00f6penick<br>Ma\u00dfnahme-Nummer: 922\/6039\/25<br>Arbeitsgelegenheiten mit Mehraufwandsentsch\u00e4digung <br>(AGH-MAE)<\/p>\n\n\n\n<p><strong>T\u00e4tigkeiten:<\/strong><br>Einfache handwerkliche T\u00e4tigkeiten an Fahrr\u00e4dern, Laufr\u00e4dern, Rollern, rollendem Spielzeug allgemein \u2013 z. B. Reparieren, Aufarbeiten, Versch\u00f6nern \u2013 f\u00fcr Kitas, Schulen, weitere \u00f6ffentliche und gemeinn\u00fctzige Einrichtungen und Bed\u00fcrftige zur Wieder- bzw. Weiterverwendung; Vermittlung einfacher handwerklicher Kenntnisse im Rahmen von \u201eHilfe zur Selbsthilfe\u201c-Projekten, z.B. Handhabung von Heimwerkzeug und Vermittlung einfacher Kenntnisse zur Verkehrssicherheit und Reparatur von Fahrr\u00e4dern, Unterst\u00fctzung von kostenfreien Veranstaltungen insbesondere zur Verkehrssicherheit und zur Reparatur von Fahrr\u00e4dern in o.g. Einrichtungen, durch Bereitstellung von Fahrr\u00e4dern, Laufr\u00e4dern, Rollern; Hilfe beim Erhalt und Zusammenbau von Museumsst\u00fccken. Die Arbeitsleistungen der Werkstatt sind kostenlos.<\/p>\n\n\n\n<p><strong>Besch\u00e4ftigungsumfang:<\/strong><br>15 &#8211; 30 Stunden\/Woche<br>Montag &#8211; Freitag von 08:00 Uhr bis 14:00 Uhr<\/p>\n\n\n\n<p><strong>Teilnehmer: &nbsp; &nbsp;&nbsp;<\/strong>3<br><strong>Start:<\/strong>&nbsp;&nbsp;&nbsp;&nbsp;&nbsp;&nbsp;&nbsp;&nbsp;&nbsp;&nbsp;&nbsp;&nbsp;&nbsp; 01.03.2025<br><strong>Abschluss: &nbsp;&nbsp; <\/strong>28.02.2026<\/p>\n\n\n\n<hr class=\"wp-block-separator has-text-color has-accent-color has-alpha-channel-opacity has-accent-background-color has-background is-style-default\"\/>\n\n\n\n<p><strong>Titel:<\/strong><br><strong>Recycle \u2013 Soziale Fahrradwerkstatt<\/strong><br>Jobcenter Tempelhof-Sch\u00f6neberg<br>Ma\u00dfnahme-Nummer: 922\/1223\/25<br>Arbeitsgelegenheiten mit Mehraufwandsentsch\u00e4digung<br>(AGH-MAE)<\/p>\n\n\n\n<p><strong>T\u00e4tigkeiten:<\/strong><br>Einfache handwerkliche T\u00e4tigkeiten an Fahrr\u00e4dern, Laufr\u00e4dern, Rollern, rollendem Spielzeug allgemein \u2013 z. B. Reparieren, Aufarbeiten, Versch\u00f6nern \u2013 f\u00fcr Kitas, Schulen, weitere \u00f6ffentliche und gemeinn\u00fctzige Einrichtungen und Bed\u00fcrftige zur Wieder- bzw. Weiterverwendung; Vermittlung einfacher handwerklicher Kenntnisse im Rahmen von \u201eHilfe zur Selbsthilfe\u201c-Projekten, z.B. Handhabung von Heimwerkzeug und Vermittlung einfacher Kenntnisse zur Verkehrssicherheit und Reparatur von Fahrr\u00e4dern, Unterst\u00fctzung von kostenfreien Veranstaltungen insbesondere zur Verkehrssicherheit und zur Reparatur von Fahrr\u00e4dern in o.g. Einrichtungen, durch Bereitstellung von Fahrr\u00e4dern, Laufr\u00e4dern, Rollern; Hilfe beim Erhalt und Zusammenbau von Museumsst\u00fccken. Die Arbeitsleistungen der Werkstatt sind kostenlos.<\/p>\n\n\n\n<p><strong>Besch\u00e4ftigungsumfang:<\/strong><br>15 &#8211; 30 Stunden\/Woche<br>Montag &#8211; Freitag von 08:00 Uhr bis 14:00 Uhr<\/p>\n\n\n\n<p><strong>Teilnehmer: &nbsp; <\/strong>15<br><strong>Start:<\/strong>&nbsp;&nbsp;&nbsp;&nbsp;&nbsp;&nbsp;&nbsp;&nbsp;&nbsp;&nbsp;&nbsp;&nbsp;&nbsp; 01.05.2025<br><strong>Abschluss: &nbsp;&nbsp; <\/strong>30.04.2026<\/p>\n\n\n\n<hr class=\"wp-block-separator has-css-opacity\"\/>\n\n\n\n<p><strong>Titel:<\/strong><\/p>\n\n\n\n<p><strong>Recycle- Soziale Fahrradwerkstatt<\/strong><br>Jobcenter Friedrichshain-Kreuzberg<br>Ma\u00dfnahme-Nummer: 962\/8404\/26<br>Arbeitsgelegenheiten mit Mehraufwandsentsch\u00e4digung <br>(AGH-MAE)<\/p>\n\n\n\n<p><strong>T\u00e4tigkeiten:<\/strong><br>Einfache handwerkliche Hilfsarbeiten an Fahrr\u00e4dern, Laufr\u00e4dern, Rollern, Skater, Puppenwagen \u2013 z. B. Reparieren, Aufarbeiten, Versch\u00f6nern \u2013 f\u00fcr Kitas, Schulen, weitere \u00f6ffentliche und gemeinn\u00fctzige Einrichtungen und Bed\u00fcrftige zur Wieder- bzw. Weiterverwendung;<br>Vermittlung einfacher handwerklicher Kenntnisse im Rahmen von \u201eHilfe zur Selbsthilfe\u201c- Projekten f\u00fcr Grundsicherungsempf\u00e4nger, z. B. Handhabung von Heimwerkzeug und Vermittlung einfacher Kenntnisse zur Reparatur von Fahrr\u00e4dern und zur Verkehrssicherheit;<br>Unterst\u00fctzung von kostenfreien Veranstaltungen und thematischen Projekten insbesondere zur Verkehrssicherheit und beim Sport in o.g. Einrichtungen, durch Bereitstellung von Fahrr\u00e4dern, Rollern, Laufr\u00e4dern, Skater, Verkehrsschildern;<br>Unterst\u00fctzung festangestellter Mitarbeiter*innen von Verkehrsschulen  durch Bereitstellung von Fahrr\u00e4dern, Rollern, Laufr\u00e4dern, Skater, Verkehrsschildern.<br>Die Arbeitsleistungen der Werkstatt sind kostenlos.<\/p>\n\n\n\n<p><strong>Besch\u00e4ftigungsumfang:<\/strong><br>15 \u2013 30 Stunden\/Woche<br>Flexible Arbeitszeitgestaltung<br>von Montag bis Freitag zwischen 08:00 und 14:00 Uhr<\/p>\n\n\n\n<p><strong>Teilnehmer: \u00a0 <\/strong> 10<br><strong>Start:<\/strong>\u00a0\u00a0\u00a0\u00a0\u00a0\u00a0\u00a0\u00a0\u00a0\u00a0\u00a0\u00a0\u00a0   16. 03. 2026<br><strong>Abschluss: \u00a0\u00a0 \u00a0\u00a015<\/strong>. 03. 2027<\/p>\n\n\n\n<hr class=\"wp-block-separator has-alpha-channel-opacity\"\/>\n\n\n\n<p><strong>Titel:<\/strong><br><strong>Erfassung von Kunstobjekten im \u00f6ffentlichen Raum<\/strong><br>Jobcenter Tempelhof-Sch\u00f6neberg<br>Ma\u00dfnahme-Nummer: 922\/1225\/26<br>Arbeitsgelegenheiten mit Mehraufwandsentsch\u00e4digung<br>(AGH-MAE)<\/p>\n\n\n\n<p><strong>T\u00e4tigkeiten:<\/strong><br>Einfache T\u00e4tigkeiten der Datenerfassung und Dokumentation:<br>Besichtigen\/Begehen der Kunstobjekte, Erfassen und Dokumentieren der Kunstobjekte nach Vorgaben (Ausf\u00fcllen von Formularvorlagen), Fotografieren der Objekte, Erarbeiten einer PC-gest\u00fctzten Dokumentation dazu (Tabellen, Fotos), einfache Text- und Bildbearbeitung am PC, Einordnen der Dokumentationen in ein (vorhandenes) Gesamtverzeichnis der Kunstwerke im Stadtraum (Kunst am Bau, in Parks), vorbereitende Arbeiten und Zusammenstellungen f\u00fcr thematische Flyer, Schautafeln, Wanderwegskarten, Lehrpfade, Ausstellungen, Informationsmaterialien \u2013 dazu Auswertung z. B. von Publikationen und Archiven), weitere erg\u00e4nzende T\u00e4tigkeiten (Ordnen, Systematisieren, PC-Dateneingabe) zum Thema.<\/p>\n\n\n\n<p><strong>Besch\u00e4ftigungsumfang:<\/strong><br>15 \u2013 30 Stunden\/Woche<br>Montag \u2013 Freitag von 07:00 Uhr bis 13:00 Uhr<\/p>\n\n\n\n<p><strong>Teilnehmer: &nbsp; <\/strong>12<br><strong>Start:<\/strong>&nbsp;&nbsp;&nbsp;&nbsp;&nbsp;&nbsp;&nbsp;&nbsp;&nbsp;&nbsp;&nbsp;&nbsp;&nbsp; 01.03.2026<br><strong>Abschluss: &nbsp;&nbsp;<\/strong>28.02.2027<\/p>\n\n\n\n<hr class=\"wp-block-separator has-alpha-channel-opacity\"\/>\n\n\n\n<p><strong>Titel:<\/strong><br><strong>Lehrpfade durch die Geschichte des Bezirks Tempelhof-Sch\u00f6neberg <\/strong><br>Jobcenter Tempelhof-Sch\u00f6neberg <br>Ma\u00dfnahme-Nummer: 922\/1223\/26<br>Arbeitsgelegenheiten mit Mehraufwandsentsch\u00e4digung <br>(AGH-MAE)<\/p>\n\n\n\n<p><strong>T\u00e4tigkeiten:<\/strong><br>Vorbereitung\/Erstellung thematischer Lehrpfade zur Geschichte des Bezirks:<br>Begehen\/Besichtigen der Orte und Wege vorgesehener Lehrpfade; Recherche und Auswertung (historischer) Schrift- und Bilddokumentationen (z. B. Publikationen, Archive, Internet) f\u00fcr den jeweiligen Lehrpfad; Sichten und Sammeln des Materials zu relevanten historischen Bauten, Anlagen und Orten; erg\u00e4nzendes Erfassen\/Fotografieren\/Dokumentieren ausgew\u00e4hlter Objekte und von deren Umfeld, weitere zus\u00e4tzliche und erg\u00e4nzende T\u00e4tigkeiten, die im Zusammenhang mit der Lehrpfad-Erarbeitung stehen (Ordnen, Systematisieren, PC-Dateneingabe, einfache Bildbearbeitung); Zusammenstellen von Fotodokumentationen und Materialsammlungen als Vorarbeiten z. B. f\u00fcr Flyer\/Ausstellungen; \u00dcbungen zum Erstellen von Entw\u00fcrfen f\u00fcr Dokumentationen, Flyer, Schautafeln, Begleithefte, Pl\u00e4ne zu den Lehrpfaden.<\/p>\n\n\n\n<p><strong>Besch\u00e4ftigungsumfang:<\/strong><br>15 \u2013 30 Stunden\/Woche<br>Montag \u2013 Freitag von 08:00 Uhr bis 14:00 Uhr<\/p>\n\n\n\n<p class=\"has-text-align-left\"><strong>Teilnehmer:<\/strong> 10<br><strong>Start:<\/strong> &nbsp;&nbsp;&nbsp;&nbsp;&nbsp;&nbsp;&nbsp;&nbsp;&nbsp;&nbsp;&nbsp;&nbsp; 01.01.2026<br><strong>Abschluss:<\/strong> &nbsp;&nbsp; 31.12.2026<\/p>\n\n\n\n<hr class=\"wp-block-separator has-alpha-channel-opacity\"\/>\n\n\n\n<p><strong>Titel:<\/strong><br><strong>Textil-Upcycling-Werkstatt<\/strong><br>Jobcenter Neuk\u00f6lln<br>Ma\u00dfnahme-Nummer: 922\/2019\/26<br>Arbeitsgelegenheiten mit Mehraufwandsentsch\u00e4digung<br>(AGH-MAE)<\/p>\n\n\n\n<p><strong>T\u00e4tigkeiten:<\/strong><br>Annahme von Spenden (Kleidung, Schuhe, W\u00e4sche; Haushaltsgegenst\u00e4nde, Seh- und Gehhilfen, Spiel- und Sportsachen), Sortieren, Reparieren, Ausbessern und Aufarbeiten der gespendeten Gegenst\u00e4nde, kostenlose Weitergabe der Spenden an Bed\u00fcrftige.<\/p>\n\n\n\n<p><strong>Besch\u00e4ftigungsumfang:<\/strong><br>15 &#8211; 30 Stunden\/Woche<br>Montag &#8211; Freitag von 08:00 Uhr bis 14:00 Uhr<\/p>\n\n\n\n<p><strong>Teilnehmer: &nbsp; <\/strong>10<br><strong>Start:<\/strong>&nbsp;&nbsp;&nbsp;&nbsp;&nbsp;&nbsp;&nbsp;&nbsp;&nbsp;&nbsp;&nbsp;&nbsp;&nbsp; 02.03.2026<br><strong>Abschluss: &nbsp;&nbsp; <\/strong>01.03.2027<\/p>\n\n\n\n<p><\/p>\n\n\n\n<p><\/p>\n\n\n\n<p><\/p>\n\n\n\n<hr class=\"wp-block-separator has-text-color has-primary-color has-css-opacity has-primary-background-color has-background aligncenter\"\/>\n\n\n\n<p class=\"has-text-align-center has-large-font-size\">Hier geht es zur\u00fcck <br>zur Auswahl der Standorte unserer<\/p>\n\n\n\n<div class=\"wp-block-buttons is-content-justification-center is-layout-flex wp-container-core-buttons-is-layout-1 wp-block-buttons-is-layout-flex\">\n<div class=\"wp-block-button\"><a class=\"wp-block-button__link has-subtle-background-color has-text-color wp-element-button\" href=\"https:\/\/www.steremat-afs.de\/wordpress\/angebote\/massnahmen\/\" style=\"border-radius:50px\">Ma\u00dfnahmen<\/a><\/div>\n<\/div>\n","protected":false},"excerpt":{"rendered":"<p>Lahnstra\u00dfe 58\/70 12055 Berlin Laufende Projekte und Ma\u00dfnahmen: Titel:Datenerhebung zu Baudenkmalen in Tempelhof-Sch\u00f6nebergJobcenter Tempelhof-Sch\u00f6nebergnach \u00a7 16i SGB II (Projektf\u00f6rderung in \u00f6ffentlich gef\u00f6rderter Besch\u00e4ftigung in Berlin \u2013 BiB) T\u00e4tigkeiten:Besichtigung und Begehung der Denkmale, Erfassung\/Fotografieren\/Dokumentieren der Denkmale, Sichten, Sammeln, Zusammenstellen von Material zu baugeschichtlichen Fakten aus Schrift- und Bilddokumentationen in Archiven, Anlegen einer Fotodokumentation f\u00fcr die Denkmale, [&hellip;]<\/p>\n","protected":false},"author":1,"featured_media":1784,"parent":1451,"menu_order":4,"comment_status":"closed","ping_status":"closed","template":"","meta":{"footnotes":""},"jetpack_sharing_enabled":true,"_links":{"self":[{"href":"https:\/\/www.steremat-afs.de\/wordpress\/wp-json\/wp\/v2\/pages\/1460"}],"collection":[{"href":"https:\/\/www.steremat-afs.de\/wordpress\/wp-json\/wp\/v2\/pages"}],"about":[{"href":"https:\/\/www.steremat-afs.de\/wordpress\/wp-json\/wp\/v2\/types\/page"}],"author":[{"embeddable":true,"href":"https:\/\/www.steremat-afs.de\/wordpress\/wp-json\/wp\/v2\/users\/1"}],"replies":[{"embeddable":true,"href":"https:\/\/www.steremat-afs.de\/wordpress\/wp-json\/wp\/v2\/comments?post=1460"}],"version-history":[{"count":61,"href":"https:\/\/www.steremat-afs.de\/wordpress\/wp-json\/wp\/v2\/pages\/1460\/revisions"}],"predecessor-version":[{"id":2307,"href":"https:\/\/www.steremat-afs.de\/wordpress\/wp-json\/wp\/v2\/pages\/1460\/revisions\/2307"}],"up":[{"embeddable":true,"href":"https:\/\/www.steremat-afs.de\/wordpress\/wp-json\/wp\/v2\/pages\/1451"}],"wp:featuredmedia":[{"embeddable":true,"href":"https:\/\/www.steremat-afs.de\/wordpress\/wp-json\/wp\/v2\/media\/1784"}],"wp:attachment":[{"href":"https:\/\/www.steremat-afs.de\/wordpress\/wp-json\/wp\/v2\/media?parent=1460"}],"curies":[{"name":"wp","href":"https:\/\/api.w.org\/{rel}","templated":true}]}}