{"id":177,"date":"2020-06-23T13:41:33","date_gmt":"2020-06-23T11:41:33","guid":{"rendered":"http:\/\/www.steremat-afs.de\/wordpress\/?page_id=177"},"modified":"2020-11-24T11:31:00","modified_gmt":"2020-11-24T10:31:00","slug":"leitbild","status":"publish","type":"page","link":"https:\/\/www.steremat-afs.de\/wordpress\/wir-ueber-uns\/leitbild\/","title":{"rendered":"Leitbild"},"content":{"rendered":"\n<h4 class=\"has-text-align-center wp-block-heading\">Leitbild der Steremat AFS GmbH<\/h4>\n\n\n\n<p class=\"has-text-align-center has-larger-font-size\"><strong>Wer wir sind<\/strong><\/p>\n\n\n\n<p class=\"has-large-font-size\">Die Steremat Arbeitsf\u00f6rderungs- und Strukturentwicklungsgesellschaft mbH (Steremat AFS GmbH) ist ein seit 1991 in Berlin t\u00e4tiges gemeinn\u00fctzig wirkendes Unternehmen zur F\u00f6rderung von Erwerbsf\u00e4higen, die unterschiedliche Hemmnisse beim \u00dcbergang in den ersten Arbeitsmarkt \u00fcberwinden m\u00fcssen.<\/p>\n\n\n\n<p class=\"has-large-font-size\">Unser Hauptauftrag als anerkannter und zertifizierter Dienstleister ist die Entwicklung und Durchf\u00fchrung von \u00f6ffentlich gef\u00f6rderten Besch\u00e4ftigungsprojekten. Wir sind zudem Anbieter von Dienstleistungen im Haushandwerk, Umweltschutz und in der Lohnbuchhaltung.<\/p>\n\n\n\n<p class=\"has-large-font-size\">Wir arbeiten hierbei mit \u00f6ffentlichen Institutionen und Einrichtungen zusammen, sowie mit gemeinwohlorientierten Unternehmen, Vereinen und Verb\u00e4nden. In diesem Kontext steht f\u00fcr uns auch die Entwicklung einer gemeinwohlorientierten Infrastruktur.<\/p>\n\n\n\n<hr class=\"wp-block-separator\"\/>\n\n\n\n<p class=\"has-text-align-center has-larger-font-size\"><strong>Wof\u00fcr wir stehen<\/strong><\/p>\n\n\n\n<p class=\"has-large-font-size\">\u2022&nbsp; Wir sind den ethischen und demokratischen Werten verpflichtet<br><br>\u2022&nbsp; Wir unterst\u00fctzen die soziale Integration und bieten Chancen zur sozialen Teilhabe<br><br>\u2022&nbsp; Wir f\u00f6rdern pers\u00f6nliche und berufliche Potenziale<br><br>\u2022&nbsp; Wir schaffen Raum f\u00fcr neue Ideen und unterst\u00fctzen individuelle Weiterbildungsw\u00fcnsche<br><br>\u2022&nbsp; Wir sch\u00e4tzen und bef\u00fcrworten kulturelle Vielfalt<\/p>\n\n\n\n<hr class=\"wp-block-separator\"\/>\n\n\n\n<p class=\"has-text-align-center has-larger-font-size\"><strong>Was wir machen<\/strong><\/p>\n\n\n\n<p class=\"has-large-font-size\">Als Mitarbeiterteam mit interdisziplin\u00e4rer und sozialp\u00e4dagogischer Erfahrung, schaffen wir Arbeitsm\u00f6glichkeiten f\u00fcr Menschen, die aus unterschiedlichen Gr\u00fcnden derzeit nicht im ersten Arbeitsmarkt t\u00e4tig sein k\u00f6nnen. Unsere Projekte sind auf eine individuelle Arbeitsgestaltung f\u00fcr benachteiligte Erwerbsf\u00e4hige orientiert. Dabei werden individuelle F\u00e4higkeiten und Kenntnisse der Projektteilnehmer ber\u00fccksichtigt und gef\u00f6rdert. <br><br>\u00c4lteren Mitarbeiterinnen und Mitarbeitern bieten wir die Gelegenheit, ihre Lebens- und Berufserfahrungen im Rahmen unserer gemeinn\u00fctzigen Projekte erfolgreich einzubringen.<br><br>Berufsanf\u00e4ngerinnen und Berufsanf\u00e4nger bieten wir die M\u00f6glichkeit eben diese zu erwerben. Wir engagieren uns f\u00fcr Menschen mit geringen sozialen Kontakten und binden diese \u00fcber unsere gemeinn\u00fctzigen Projekte in eine kollegiale Arbeitsgemeinschaft ein. Die Teamarbeit beg\u00fcnstigt die Weiterentwicklung von sozialen Kompetenzen, von Selbstvertrauen, Selbstreflexion und Verantwortungsbewusstsein.<\/p>\n\n\n\n<p class=\"has-large-font-size\">Bei gro\u00dfen Problemen in individuellen Lebenssituationen bieten wir Unterst\u00fctzung zur Behebung derselben. Zudem f\u00f6rdern wir mit dem begleitenden Jobcoachingangebot die M\u00f6glichkeit eines \u00dcbergangs in Arbeit oder Ausbildung, ermutigen zur Eigeninitiative f\u00fcr neue berufliche Wege und beraten zur Arbeitssuche und zu Qualifizierungsm\u00f6glichkeiten.<\/p>\n\n\n\n<hr class=\"wp-block-separator\"\/>\n\n\n\n<p class=\"has-text-align-center has-larger-font-size\"><strong>Wie wollen wir das erreichen<\/strong><\/p>\n\n\n\n<p class=\"has-large-font-size\">Basierend auf unseren Erfahrungen, den aktuellen Bedarfen und unserer langj\u00e4hrigen Kooperationen mit Unternehmen, sozialen Einrichtungen, \u00f6ffentlich-rechtlichen Institutionen, Verb\u00e4nden und anderen Interessenvertretungen verfolgen wir folgende Strategien:<br><br>\u2022\u00a0 Wir entwickeln stetig neue Projekte,<br>die den aktuellen Anforderungen des Arbeitsmarktes angepasst werden<br><br>\u2022\u00a0 Unsere qualifizierten und erfahrenen Mitarbeiter* innen sind der Grundstein unserer guten Arbeit.<br>Wir arbeiten im Team und teilen dabei unsere Erfahrungen und unser Wissen.<br><br>\u2022\u00a0 Die Arbeitsabl\u00e4ufe der einzelnen Projekte werden laufend optimiert und an die Kenntnisse,<br>die Leistungsf\u00e4higkeit und die Bed\u00fcrfnisse der Projektteilnehmer angepasst<br><br>\u2022\u00a0 Wir achten auf jeden einzelnen Menschen, legen gro\u00dfen Wert<br>auf einen respektvollen Umgang und ein kollegiales Arbeitsumfeld f\u00fcr alle<br><br>\u2022\u00a0 Wir erm\u00f6glichen arbeitsbegleitendes Lernen<\/p>\n\n\n\n<hr class=\"wp-block-separator\"\/>\n\n\n\n<p class=\"has-text-align-center has-larger-font-size\"><strong>Was uns noch wichtig ist<\/strong><\/p>\n\n\n\n<p class=\"has-large-font-size\">In unserer Arbeit sind wir der Achtung, Akzeptanz und Toleranz Anderen und Anderem gegen\u00fcber, wie auch der Wertsch\u00e4tzung und Gleichbehandlung aller Projektteilnehmer verpflichtet. Offenheit und Vertrauen zwischen RM und der GF schaffen die gute Betriebsatmosph\u00e4re, in der gute Arbeit gedeihen kann. <br><br>Bereichs\u00fcbergreifendes Denken und Handeln hilft uns, aktuellen Entwicklungen und Anforderungen zu folgen. Unsere langj\u00e4hrigen Kooperationen mit Unternehmen, sozialen und \u00f6ffentlich-rechtlichen Institutionen, Verb\u00e4nden und anderen Interessenvertretungen gew\u00e4hrleisten die Qualit\u00e4t unserer Projektkonzepte und deren Durchf\u00fchrung.<\/p>\n\n\n\n<p class=\"has-large-font-size\">Mit dem seit 2007 zertifizierten Qualit\u00e4tsmanagementsystem gew\u00e4hrleisten wir die stete Erreichung unserer Unternehmensziele.<\/p>\n\n\n\n<hr class=\"wp-block-separator\"\/>\n\n\n\n<p class=\"has-text-align-center has-larger-font-size\"><strong>Gelungenes Lernen<\/strong><\/p>\n\n\n\n<p class=\"has-large-font-size\">Gelungenes Lernen liegt allgemein dann vor, wenn der Lernende seine Handlungsf\u00e4higkeit in fachlicher (Wissen und K\u00f6nnen), pers\u00f6nlicher und sozialer Weise erweitert und dies in einem von ihm wertgesch\u00e4tzten Kontext erfolgt.<br><br>Indikatoren f\u00fcr gelungenes Lernen sind alle, aus dem Leitbild der Organisation abgeleiteten aktiven und motivierenden Ver\u00e4nderungen in den personalen Bed\u00fcrfnissen eines Projektteilnehmers hinsichtlich seiner Lernsituation und Lernhaltung sowie bei den von ihm erreichten Lern- bzw. Entwicklungsziel im Projektverlauf. Verweis Anlage&nbsp;<\/p>\n\n\n\n<p class=\"has-large-font-size\">Hiermit erbringen die Indikatoren verifizierbare Aussagen zur erfolgten Entwicklung eines Projektteilnehmers hinsichtlich seiner Besch\u00e4ftigungsf\u00e4higkeit und der Organisation, wie hierbei die Organisation der Lernbedingungen und ihr eigenes Lernen im Prozess der individuellen, teilnehmerbezogenen lehr- und lernorientierenden Projektdurchf\u00fchrung gelungen ist.<\/p>\n\n\n\n<p class=\"has-large-font-size\">Berlin, den 29.05.2020<\/p>\n\n\n\n<hr class=\"wp-block-separator\"\/>\n\n\n\n<p class=\"has-text-align-center has-large-font-size\">Hier erfahren Sie mehr \u00fcber unser<\/p>\n\n\n\n<div class=\"wp-block-buttons aligncenter is-layout-flex wp-block-buttons-is-layout-flex\">\n<div class=\"wp-block-button\"><a class=\"wp-block-button__link has-background-color has-text-color\" href=\"https:\/\/www.steremat-afs.de\/wordpress\/wir-ueber-uns\/qualitaetsmanagement\/\" style=\"border-radius:50px\"><strong>Qualit\u00e4tsmanagement<\/strong><\/a><\/div>\n<\/div>\n","protected":false},"excerpt":{"rendered":"<p>Leitbild der Steremat AFS GmbH Wer wir sind Die Steremat Arbeitsf\u00f6rderungs- und Strukturentwicklungsgesellschaft mbH (Steremat AFS GmbH) ist ein seit 1991 in Berlin t\u00e4tiges gemeinn\u00fctzig wirkendes Unternehmen zur F\u00f6rderung von Erwerbsf\u00e4higen, die unterschiedliche Hemmnisse beim \u00dcbergang in den ersten Arbeitsmarkt \u00fcberwinden m\u00fcssen. Unser Hauptauftrag als anerkannter und zertifizierter Dienstleister ist die Entwicklung und Durchf\u00fchrung von [&hellip;]<\/p>\n","protected":false},"author":1,"featured_media":178,"parent":85,"menu_order":0,"comment_status":"closed","ping_status":"closed","template":"","meta":{"footnotes":""},"jetpack_sharing_enabled":true,"_links":{"self":[{"href":"https:\/\/www.steremat-afs.de\/wordpress\/wp-json\/wp\/v2\/pages\/177"}],"collection":[{"href":"https:\/\/www.steremat-afs.de\/wordpress\/wp-json\/wp\/v2\/pages"}],"about":[{"href":"https:\/\/www.steremat-afs.de\/wordpress\/wp-json\/wp\/v2\/types\/page"}],"author":[{"embeddable":true,"href":"https:\/\/www.steremat-afs.de\/wordpress\/wp-json\/wp\/v2\/users\/1"}],"replies":[{"embeddable":true,"href":"https:\/\/www.steremat-afs.de\/wordpress\/wp-json\/wp\/v2\/comments?post=177"}],"version-history":[{"count":13,"href":"https:\/\/www.steremat-afs.de\/wordpress\/wp-json\/wp\/v2\/pages\/177\/revisions"}],"predecessor-version":[{"id":1407,"href":"https:\/\/www.steremat-afs.de\/wordpress\/wp-json\/wp\/v2\/pages\/177\/revisions\/1407"}],"up":[{"embeddable":true,"href":"https:\/\/www.steremat-afs.de\/wordpress\/wp-json\/wp\/v2\/pages\/85"}],"wp:featuredmedia":[{"embeddable":true,"href":"https:\/\/www.steremat-afs.de\/wordpress\/wp-json\/wp\/v2\/media\/178"}],"wp:attachment":[{"href":"https:\/\/www.steremat-afs.de\/wordpress\/wp-json\/wp\/v2\/media?parent=177"}],"curies":[{"name":"wp","href":"https:\/\/api.w.org\/{rel}","templated":true}]}}