{"id":1871,"date":"2023-04-24T10:09:25","date_gmt":"2023-04-24T08:09:25","guid":{"rendered":"http:\/\/www.steremat-afs.de\/?page_id=1871"},"modified":"2025-05-06T16:36:41","modified_gmt":"2025-05-06T14:36:41","slug":"michael-bohnen-ring","status":"publish","type":"page","link":"https:\/\/www.steremat-afs.de\/wordpress\/angebote\/massnahmen\/michael-bohnen-ring\/","title":{"rendered":"Michael-Bohnen-Ring"},"content":{"rendered":"\n<h3 class=\"wp-block-heading has-text-align-center\">Michael-Bohnen-Ring 15<br> <strong><strong>12057 Berlin<\/strong><\/strong><\/h3>\n\n\n\n<h2 class=\"wp-block-heading has-text-align-center\" style=\"font-size:26px\"><strong>Laufende Projekte und Ma\u00dfnahmen:<\/strong><\/h2>\n\n\n\n<p><\/p>\n\n\n\n<p><strong>Titel<\/strong>:<br><strong>Kleiderkammer High Deck Neuk\u00f6lln<\/strong><br>Jobcenter Neuk\u00f6lln<br>Ma\u00dfnahme-Nummer: 922\/2025\/25<br>Arbeitsgelegenheiten mit Mehraufwandsentsch\u00e4digung <br>(AGH-MAE)<\/p>\n\n\n\n<p><strong>T\u00e4tigkeiten:<\/strong><br>Vorbereiten\/Planen von Sammelaktionen f\u00fcr die Kleiderb\u00f6rse, Annehmen, Erfassen, Sichten und Sortieren von Kleiderspenden, Aufbereiten und Lagern, Aufbesserungs-, \u00c4nderungsarbeiten und Kleinstreparaturen an Bekleidung und Textilien sowie an textilen Spielzeugen aus Kitas und Schulen, Aufarbeiten, Reparieren und Herstellen textiler Dekorationen f\u00fcr Theaterveranstaltungen in Kitas und Schulen, organisatorische und Erfassungs-Arbeiten bei der kostenlosen Weitergabe der Spenden an Bed\u00fcrftige.<\/p>\n\n\n\n<p><strong>Besch\u00e4ftigungsumfang:<\/strong><br>15 &#8211; 30 Stunden\/Woche<br>Montag &#8211; Freitag von 08:00 Uhr bis 14:00 Uhr<\/p>\n\n\n\n<p><strong>Teilnehmer:<\/strong> 6<br><strong>Start:<\/strong> 17.04.2025<br><strong>Abschluss:<\/strong> 16.04.2026<\/p>\n\n\n\n<p><\/p>\n\n\n\n<hr class=\"wp-block-separator has-text-color has-primary-color has-css-opacity has-primary-background-color has-background aligncenter\"\/>\n\n\n\n<p class=\"has-text-align-center has-large-font-size\">Hier geht es zur\u00fcck <br>zur Auswahl der Standorte unserer<\/p>\n\n\n\n<div class=\"wp-block-buttons is-content-justification-center is-layout-flex wp-container-core-buttons-is-layout-1 wp-block-buttons-is-layout-flex\">\n<div class=\"wp-block-button\"><a class=\"wp-block-button__link has-subtle-background-color has-text-color wp-element-button\" href=\"https:\/\/www.steremat-afs.de\/wordpress\/angebote\/massnahmen\/\" style=\"border-radius:50px\">Ma\u00dfnahmen<\/a><\/div>\n<\/div>\n","protected":false},"excerpt":{"rendered":"<p>Michael-Bohnen-Ring 15 12057 Berlin Laufende Projekte und Ma\u00dfnahmen: Titel:Kleiderkammer High Deck Neuk\u00f6llnJobcenter Neuk\u00f6llnMa\u00dfnahme-Nummer: 922\/2025\/25Arbeitsgelegenheiten mit Mehraufwandsentsch\u00e4digung (AGH-MAE) T\u00e4tigkeiten:Vorbereiten\/Planen von Sammelaktionen f\u00fcr die Kleiderb\u00f6rse, Annehmen, Erfassen, Sichten und Sortieren von Kleiderspenden, Aufbereiten und Lagern, Aufbesserungs-, \u00c4nderungsarbeiten und Kleinstreparaturen an Bekleidung und Textilien sowie an textilen Spielzeugen aus Kitas und Schulen, Aufarbeiten, Reparieren und Herstellen textiler Dekorationen [&hellip;]<\/p>\n","protected":false},"author":1,"featured_media":1925,"parent":1451,"menu_order":5,"comment_status":"closed","ping_status":"closed","template":"","meta":{"footnotes":""},"jetpack_sharing_enabled":true,"_links":{"self":[{"href":"https:\/\/www.steremat-afs.de\/wordpress\/wp-json\/wp\/v2\/pages\/1871"}],"collection":[{"href":"https:\/\/www.steremat-afs.de\/wordpress\/wp-json\/wp\/v2\/pages"}],"about":[{"href":"https:\/\/www.steremat-afs.de\/wordpress\/wp-json\/wp\/v2\/types\/page"}],"author":[{"embeddable":true,"href":"https:\/\/www.steremat-afs.de\/wordpress\/wp-json\/wp\/v2\/users\/1"}],"replies":[{"embeddable":true,"href":"https:\/\/www.steremat-afs.de\/wordpress\/wp-json\/wp\/v2\/comments?post=1871"}],"version-history":[{"count":3,"href":"https:\/\/www.steremat-afs.de\/wordpress\/wp-json\/wp\/v2\/pages\/1871\/revisions"}],"predecessor-version":[{"id":2238,"href":"https:\/\/www.steremat-afs.de\/wordpress\/wp-json\/wp\/v2\/pages\/1871\/revisions\/2238"}],"up":[{"embeddable":true,"href":"https:\/\/www.steremat-afs.de\/wordpress\/wp-json\/wp\/v2\/pages\/1451"}],"wp:featuredmedia":[{"embeddable":true,"href":"https:\/\/www.steremat-afs.de\/wordpress\/wp-json\/wp\/v2\/media\/1925"}],"wp:attachment":[{"href":"https:\/\/www.steremat-afs.de\/wordpress\/wp-json\/wp\/v2\/media?parent=1871"}],"curies":[{"name":"wp","href":"https:\/\/api.w.org\/{rel}","templated":true}]}}