{"id":188,"date":"2020-06-23T13:52:27","date_gmt":"2020-06-23T11:52:27","guid":{"rendered":"http:\/\/www.steremat-afs.de\/wordpress\/?page_id=188"},"modified":"2024-07-05T09:33:20","modified_gmt":"2024-07-05T07:33:20","slug":"stadtnaturranger","status":"publish","type":"page","link":"https:\/\/www.steremat-afs.de\/wordpress\/projekte\/stadtnaturranger\/","title":{"rendered":"StadtNaturRanger Pankow"},"content":{"rendered":"\n<h3 class=\"wp-block-heading has-text-align-center\">StadtNaturRanger Pankow<\/h3>\n\n\n\n<p class=\"has-text-align-center has-large-font-size\">Seit dem Fr\u00fchjahr 2019 sind die StadtNaturRanger Pankow in den insgesamt 12 Pankower Landschafts- und Naturschutzgebieten im Einsatz und sensibilisieren f\u00fcr den Wert und die Sch\u00f6nheit der Stadtnatur.<br><br> Im Auftrag von:<br>Bezirksamt Pankow und <br>Senatsverwaltung f\u00fcr Umwelt, Verkehr und Klimaschutz<\/p>\n\n\n\n<hr class=\"wp-block-separator has-css-opacity\"\/>\n\n\n\n<p class=\"has-text-align-center has-large-font-size\"><strong>Im Auftrag von:<\/strong><\/p>\n\n\n\n<div class=\"wp-block-group\"><div class=\"wp-block-group__inner-container is-layout-flow wp-block-group-is-layout-flow\"><div class=\"wp-block-image\">\n<figure class=\"aligncenter size-large is-resized\"><a href=\"https:\/\/www.berlin.de\/ba-pankow\/politik-und-verwaltung\/aemter\/umwelt-und-naturschutzamt\/\" target=\"_blank\" rel=\"noopener noreferrer\"><img loading=\"lazy\" decoding=\"async\" width=\"320\" height=\"472\" src=\"https:\/\/www.steremat-afs.de\/wordpress\/wp-content\/uploads\/2020\/09\/Logo_Bezirk.jpg\" alt=\"\" class=\"wp-image-1056\" style=\"width:102px;height:150px\" srcset=\"https:\/\/www.steremat-afs.de\/wordpress\/wp-content\/uploads\/2020\/09\/Logo_Bezirk.jpg 320w, https:\/\/www.steremat-afs.de\/wordpress\/wp-content\/uploads\/2020\/09\/Logo_Bezirk-203x300.jpg 203w\" sizes=\"(max-width: 320px) 100vw, 320px\" \/><\/a><figcaption class=\"wp-element-caption\">Bezirksamt Pankow<\/figcaption><\/figure><\/div>\n\n<div class=\"wp-block-image\">\n<figure class=\"aligncenter size-large is-resized\"><a href=\"https:\/\/www.berlin.de\/sen\/uvk\/\" target=\"_blank\" rel=\"noopener noreferrer\"><img loading=\"lazy\" decoding=\"async\" width=\"389\" height=\"130\" src=\"https:\/\/www.steremat-afs.de\/wordpress\/wp-content\/uploads\/2020\/09\/Berlin1.png\" alt=\"\" class=\"wp-image-1055\" style=\"width:284px;height:95px\" srcset=\"https:\/\/www.steremat-afs.de\/wordpress\/wp-content\/uploads\/2020\/09\/Berlin1.png 389w, https:\/\/www.steremat-afs.de\/wordpress\/wp-content\/uploads\/2020\/09\/Berlin1-300x100.png 300w\" sizes=\"(max-width: 389px) 100vw, 389px\" \/><\/a><figcaption class=\"wp-element-caption\">Senatsverwaltung f\u00fcr Umwelt, Verkehr und Klimaschutz<\/figcaption><\/figure><\/div><\/div><\/div>\n\n\n\n<hr class=\"wp-block-separator has-css-opacity is-style-default\"\/>\n\n\n\n<p class=\"has-text-align-center has-large-font-size\"><strong><strong>Welche Aufgaben nehmen die 4 Ranger*innen wahr?<\/strong><\/strong><\/p>\n\n\n\n<p class=\"has-text-align-center has-large-font-size\">Der Arbeitsbereich unterteilt sich in 5 Kategorien:<\/p>\n\n\n\n<p class=\"has-text-align-center has-large-font-size\"><strong>Schutzgebietsbegehung, <\/strong><br><strong>Netzwerkarbeit, <\/strong><br><strong>Monitoring, <\/strong><br><strong>\u00d6ffentlichkeitsarbeit<\/strong>,<br><strong>Umweltbildung.<\/strong><\/p>\n\n\n\n<hr class=\"wp-block-separator has-css-opacity is-style-default\"\/>\n\n\n\n<p class=\"has-text-align-center has-large-font-size\"><strong>In Zusammenarbeit mit:<\/strong><\/p>\n\n\n\n<div class=\"wp-block-group\"><div class=\"wp-block-group__inner-container is-layout-flow wp-block-group-is-layout-flow\"><div class=\"wp-block-image\">\n<figure class=\"aligncenter size-large is-resized\"><a href=\"https:\/\/www.agrar-hobrechtsfelde.de\/\" target=\"_blank\" rel=\"noopener noreferrer\"><img loading=\"lazy\" decoding=\"async\" width=\"1024\" height=\"816\" src=\"https:\/\/www.steremat-afs.de\/wordpress\/wp-content\/uploads\/2020\/09\/Agrar_Logo_Neu-1-1024x816.png\" alt=\"\" class=\"wp-image-1064\" style=\"width:199px;height:167px\" srcset=\"https:\/\/www.steremat-afs.de\/wordpress\/wp-content\/uploads\/2020\/09\/Agrar_Logo_Neu-1-1024x816.png 1024w, https:\/\/www.steremat-afs.de\/wordpress\/wp-content\/uploads\/2020\/09\/Agrar_Logo_Neu-1-300x239.png 300w, https:\/\/www.steremat-afs.de\/wordpress\/wp-content\/uploads\/2020\/09\/Agrar_Logo_Neu-1-768x612.png 768w, https:\/\/www.steremat-afs.de\/wordpress\/wp-content\/uploads\/2020\/09\/Agrar_Logo_Neu-1-1536x1224.png 1536w, https:\/\/www.steremat-afs.de\/wordpress\/wp-content\/uploads\/2020\/09\/Agrar_Logo_Neu-1-2048x1632.png 2048w, https:\/\/www.steremat-afs.de\/wordpress\/wp-content\/uploads\/2020\/09\/Agrar_Logo_Neu-1-1200x957.png 1200w, https:\/\/www.steremat-afs.de\/wordpress\/wp-content\/uploads\/2020\/09\/Agrar_Logo_Neu-1-1980x1578.png 1980w\" sizes=\"(max-width: 1024px) 100vw, 1024px\" \/><\/a><figcaption class=\"wp-element-caption\">Agrar GmbH <br>Gut Hobrechtsfelde<\/figcaption><\/figure><\/div>\n\n<div class=\"wp-block-image\">\n<figure class=\"aligncenter size-large is-resized\"><a href=\"https:\/\/www.berlin.de\/forsten\/\" target=\"_blank\" rel=\"noopener noreferrer\"><img loading=\"lazy\" decoding=\"async\" width=\"233\" height=\"216\" src=\"https:\/\/www.steremat-afs.de\/wordpress\/wp-content\/uploads\/2020\/09\/Logo-Forsten-01.png\" alt=\"\" class=\"wp-image-1065\" style=\"width:205px;height:152px\"\/><\/a><figcaption class=\"wp-element-caption\">Berliner Forsten<\/figcaption><\/figure><\/div><\/div><\/div>\n\n\n\n<hr class=\"wp-block-separator has-css-opacity\"\/>\n\n\n\n<p class=\"has-text-align-center has-large-font-size\">M\u00f6chten Sie mehr wissen? <br>Dann besuchen Sie die StadtNaturRanger Pankow unter:<\/p>\n\n\n\n<h5 class=\"wp-block-heading has-text-align-center\"><a rel=\"noreferrer noopener\" href=\"http:\/\/www.stadtnaturranger-pankow.de\" data-type=\"URL\" data-id=\"http:\/\/www.stadtnaturranger-pankow.de\" target=\"_blank\">www.stadtnaturranger-pankow.de<\/a><\/h5>\n\n\n<div class=\"wp-block-image is-resized is-style-default\">\n<figure class=\"aligncenter size-full\"><img loading=\"lazy\" decoding=\"async\" width=\"2777\" height=\"2777\" src=\"https:\/\/www.steremat-afs.de\/wordpress\/wp-content\/uploads\/2024\/06\/Fuchslogo_neu_06_2024_transparent.png\" alt=\"\" class=\"wp-image-2094\" style=\"width:562px;height:auto\" srcset=\"https:\/\/www.steremat-afs.de\/wordpress\/wp-content\/uploads\/2024\/06\/Fuchslogo_neu_06_2024_transparent.png 2777w, https:\/\/www.steremat-afs.de\/wordpress\/wp-content\/uploads\/2024\/06\/Fuchslogo_neu_06_2024_transparent-300x300.png 300w, https:\/\/www.steremat-afs.de\/wordpress\/wp-content\/uploads\/2024\/06\/Fuchslogo_neu_06_2024_transparent-1024x1024.png 1024w, https:\/\/www.steremat-afs.de\/wordpress\/wp-content\/uploads\/2024\/06\/Fuchslogo_neu_06_2024_transparent-150x150.png 150w, https:\/\/www.steremat-afs.de\/wordpress\/wp-content\/uploads\/2024\/06\/Fuchslogo_neu_06_2024_transparent-768x768.png 768w, https:\/\/www.steremat-afs.de\/wordpress\/wp-content\/uploads\/2024\/06\/Fuchslogo_neu_06_2024_transparent-1536x1536.png 1536w, https:\/\/www.steremat-afs.de\/wordpress\/wp-content\/uploads\/2024\/06\/Fuchslogo_neu_06_2024_transparent-2048x2048.png 2048w, https:\/\/www.steremat-afs.de\/wordpress\/wp-content\/uploads\/2024\/06\/Fuchslogo_neu_06_2024_transparent-1200x1200.png 1200w, https:\/\/www.steremat-afs.de\/wordpress\/wp-content\/uploads\/2024\/06\/Fuchslogo_neu_06_2024_transparent-1980x1980.png 1980w\" sizes=\"(max-width: 2777px) 100vw, 2777px\" \/><\/figure><\/div>\n\n\n<h5 class=\"wp-block-heading has-text-align-center\"><strong><a rel=\"noreferrer noopener\" href=\"http:\/\/www.stadtnaturranger-pankow.de\" target=\"_blank\">www.stadtnaturranger-pankow.de<\/a><\/strong><\/h5>\n\n\n\n<hr class=\"wp-block-separator has-css-opacity\"\/>\n\n\n\n<p class=\"has-text-align-center has-large-font-size\">Oder erfahren Sie hier mehr <br>\u00fcber unsere anderen<\/p>\n\n\n\n<div class=\"wp-block-buttons is-content-justification-center is-layout-flex wp-container-core-buttons-is-layout-1 wp-block-buttons-is-layout-flex\">\n<div class=\"wp-block-button\"><a class=\"wp-block-button__link has-background-color has-text-color wp-element-button\" href=\"https:\/\/www.steremat-afs.de\/wordpress\/projekte\/\" style=\"border-radius:50px\"><strong>projekte<\/strong><\/a><\/div>\n<\/div>\n","protected":false},"excerpt":{"rendered":"<p>StadtNaturRanger Pankow Seit dem Fr\u00fchjahr 2019 sind die StadtNaturRanger Pankow in den insgesamt 12 Pankower Landschafts- und Naturschutzgebieten im Einsatz und sensibilisieren f\u00fcr den Wert und die Sch\u00f6nheit der Stadtnatur. Im Auftrag von:Bezirksamt Pankow und Senatsverwaltung f\u00fcr Umwelt, Verkehr und Klimaschutz Im Auftrag von: Welche Aufgaben nehmen die 4 Ranger*innen wahr? Der Arbeitsbereich unterteilt sich [&hellip;]<\/p>\n","protected":false},"author":1,"featured_media":811,"parent":89,"menu_order":0,"comment_status":"closed","ping_status":"closed","template":"","meta":{"footnotes":""},"jetpack_sharing_enabled":true,"_links":{"self":[{"href":"https:\/\/www.steremat-afs.de\/wordpress\/wp-json\/wp\/v2\/pages\/188"}],"collection":[{"href":"https:\/\/www.steremat-afs.de\/wordpress\/wp-json\/wp\/v2\/pages"}],"about":[{"href":"https:\/\/www.steremat-afs.de\/wordpress\/wp-json\/wp\/v2\/types\/page"}],"author":[{"embeddable":true,"href":"https:\/\/www.steremat-afs.de\/wordpress\/wp-json\/wp\/v2\/users\/1"}],"replies":[{"embeddable":true,"href":"https:\/\/www.steremat-afs.de\/wordpress\/wp-json\/wp\/v2\/comments?post=188"}],"version-history":[{"count":61,"href":"https:\/\/www.steremat-afs.de\/wordpress\/wp-json\/wp\/v2\/pages\/188\/revisions"}],"predecessor-version":[{"id":2106,"href":"https:\/\/www.steremat-afs.de\/wordpress\/wp-json\/wp\/v2\/pages\/188\/revisions\/2106"}],"up":[{"embeddable":true,"href":"https:\/\/www.steremat-afs.de\/wordpress\/wp-json\/wp\/v2\/pages\/89"}],"wp:featuredmedia":[{"embeddable":true,"href":"https:\/\/www.steremat-afs.de\/wordpress\/wp-json\/wp\/v2\/media\/811"}],"wp:attachment":[{"href":"https:\/\/www.steremat-afs.de\/wordpress\/wp-json\/wp\/v2\/media?parent=188"}],"curies":[{"name":"wp","href":"https:\/\/api.w.org\/{rel}","templated":true}]}}