{"id":262,"date":"2020-06-30T10:43:44","date_gmt":"2020-06-30T08:43:44","guid":{"rendered":"http:\/\/www.steremat-afs.de\/wordpress\/?page_id=262"},"modified":"2023-12-08T15:05:11","modified_gmt":"2023-12-08T14:05:11","slug":"einfache-sprache","status":"publish","type":"page","link":"https:\/\/www.steremat-afs.de\/wordpress\/einfache-sprache\/","title":{"rendered":"Einfache Sprache"},"content":{"rendered":"\n<h3 class=\"has-text-align-center wp-block-heading\"><strong>Herzlich willkommen bei Steremat<\/strong><\/h3>\n\n\n\n<p class=\"has-text-align-center has-large-font-size\">Unser ganzer Name ist <strong>Steremat AFS GmbH<\/strong>.<br><br>Wir machen Massnahmen f\u00fcr das Jobcenter.<\/p>\n\n\n\n<hr class=\"wp-block-separator\"\/>\n\n\n\n<figure class=\"wp-block-image alignwide size-large\"><img loading=\"lazy\" decoding=\"async\" width=\"1024\" height=\"275\" src=\"https:\/\/www.steremat-afs.de\/wordpress\/wp-content\/uploads\/2020\/10\/storkower1-1024x275.jpg\" alt=\"\" class=\"wp-image-1261\" srcset=\"https:\/\/www.steremat-afs.de\/wordpress\/wp-content\/uploads\/2020\/10\/storkower1-1024x275.jpg 1024w, https:\/\/www.steremat-afs.de\/wordpress\/wp-content\/uploads\/2020\/10\/storkower1-300x81.jpg 300w, https:\/\/www.steremat-afs.de\/wordpress\/wp-content\/uploads\/2020\/10\/storkower1-768x206.jpg 768w, https:\/\/www.steremat-afs.de\/wordpress\/wp-content\/uploads\/2020\/10\/storkower1-1536x413.jpg 1536w, https:\/\/www.steremat-afs.de\/wordpress\/wp-content\/uploads\/2020\/10\/storkower1-1200x323.jpg 1200w, https:\/\/www.steremat-afs.de\/wordpress\/wp-content\/uploads\/2020\/10\/storkower1.jpg 1920w\" sizes=\"(max-width: 1024px) 100vw, 1024px\" \/><\/figure>\n\n\n\n<p class=\"has-text-align-center\"><br>Geb\u00e4ude und Haupteingang zur <br>Steremat AFS GmbH an der Storkower Str. 99<\/p>\n\n\n\n<hr class=\"wp-block-separator\"\/>\n\n\n\n<p class=\"has-large-font-size\">Wir machen viele verschiedene Massnahmen.<\/p>\n\n\n\n<p class=\"has-large-font-size\">Sie m\u00f6chten bei uns arbeiten? <br>Dann fragen Sie bei uns nach. <br>Daf\u00fcr klicken Sie hier:<\/p>\n\n\n\n<div class=\"wp-block-buttons aligncenter is-layout-flex wp-block-buttons-is-layout-flex\">\n<div class=\"wp-block-button\"><a class=\"wp-block-button__link has-background-color has-text-color\" href=\"https:\/\/www.steremat-afs.de\/wordpress\/kontakt\/\" style=\"border-radius:50px\">Kontakt<\/a><\/div>\n<\/div>\n\n\n\n<p><\/p>\n\n\n\n<p class=\"has-large-font-size\">Das sind einige Beispiele unserer Massnahmen:<br>   <strong>\u00b7 Arbeiten mit Holz<br>   \u00b7 N\u00e4hen<br>   \u00b7 Arbeiten in Gr\u00fcn-Anlagen<br>   \u00b7 Arbeiten am Computer<\/strong><\/p>\n\n\n\n<hr class=\"wp-block-separator\"\/>\n\n\n\n<div class=\"wp-block-image\"><figure class=\"aligncenter size-large\"><img loading=\"lazy\" decoding=\"async\" width=\"680\" height=\"469\" src=\"https:\/\/www.steremat-afs.de\/wordpress\/wp-content\/uploads\/2020\/09\/Motiv_TextilHolzFahrrad-e1633508562744.png\" alt=\"\" class=\"wp-image-997\" srcset=\"https:\/\/www.steremat-afs.de\/wordpress\/wp-content\/uploads\/2020\/09\/Motiv_TextilHolzFahrrad-e1633508562744.png 680w, https:\/\/www.steremat-afs.de\/wordpress\/wp-content\/uploads\/2020\/09\/Motiv_TextilHolzFahrrad-e1633508562744-300x207.png 300w\" sizes=\"(max-width: 680px) 100vw, 680px\" \/><\/figure><\/div>\n\n\n\n<div class=\"wp-block-image\"><figure class=\"aligncenter size-large\"><img loading=\"lazy\" decoding=\"async\" width=\"1024\" height=\"770\" src=\"https:\/\/www.steremat-afs.de\/wordpress\/wp-content\/uploads\/2020\/09\/DSC_4356_5_75vH-1024x770.jpg\" alt=\"\" class=\"wp-image-998\" srcset=\"https:\/\/www.steremat-afs.de\/wordpress\/wp-content\/uploads\/2020\/09\/DSC_4356_5_75vH-1024x770.jpg 1024w, https:\/\/www.steremat-afs.de\/wordpress\/wp-content\/uploads\/2020\/09\/DSC_4356_5_75vH-300x226.jpg 300w, https:\/\/www.steremat-afs.de\/wordpress\/wp-content\/uploads\/2020\/09\/DSC_4356_5_75vH-768x578.jpg 768w, https:\/\/www.steremat-afs.de\/wordpress\/wp-content\/uploads\/2020\/09\/DSC_4356_5_75vH-1536x1155.jpg 1536w, https:\/\/www.steremat-afs.de\/wordpress\/wp-content\/uploads\/2020\/09\/DSC_4356_5_75vH-1200x903.jpg 1200w, https:\/\/www.steremat-afs.de\/wordpress\/wp-content\/uploads\/2020\/09\/DSC_4356_5_75vH.jpg 1880w\" sizes=\"(max-width: 1024px) 100vw, 1024px\" \/><\/figure><\/div>\n\n\n\n<hr class=\"wp-block-separator\"\/>\n\n\n\n<p class=\"has-large-font-size\">Wir k\u00fcmmern uns um Sie<br>und helfen Ihnen bei Problemen.<\/p>\n\n\n\n<p class=\"has-large-font-size\">Daf\u00fcr arbeiten wir auch mit anderen zusammen:<br>  <strong> \u00b7 Beratungs-Stellen<br>   \u00b7 \u00c4mter<br>   \u00b7 Jobcenter<\/strong><\/p>\n\n\n\n<hr class=\"wp-block-separator\"\/>\n\n\n\n<div class=\"wp-block-image\"><figure class=\"aligncenter size-large\"><img loading=\"lazy\" decoding=\"async\" width=\"1024\" height=\"685\" src=\"https:\/\/www.steremat-afs.de\/wordpress\/wp-content\/uploads\/2020\/09\/DSC_4362-1024x685.jpg\" alt=\"\" class=\"wp-image-999\" srcset=\"https:\/\/www.steremat-afs.de\/wordpress\/wp-content\/uploads\/2020\/09\/DSC_4362-1024x685.jpg 1024w, https:\/\/www.steremat-afs.de\/wordpress\/wp-content\/uploads\/2020\/09\/DSC_4362-300x201.jpg 300w, https:\/\/www.steremat-afs.de\/wordpress\/wp-content\/uploads\/2020\/09\/DSC_4362-768x514.jpg 768w, https:\/\/www.steremat-afs.de\/wordpress\/wp-content\/uploads\/2020\/09\/DSC_4362-1536x1028.jpg 1536w, https:\/\/www.steremat-afs.de\/wordpress\/wp-content\/uploads\/2020\/09\/DSC_4362-2048x1371.jpg 2048w, https:\/\/www.steremat-afs.de\/wordpress\/wp-content\/uploads\/2020\/09\/DSC_4362-1200x803.jpg 1200w, https:\/\/www.steremat-afs.de\/wordpress\/wp-content\/uploads\/2020\/09\/DSC_4362-1980x1325.jpg 1980w\" sizes=\"(max-width: 1024px) 100vw, 1024px\" \/><\/figure><\/div>\n\n\n\n<div class=\"wp-block-image\"><figure class=\"aligncenter size-large\"><img loading=\"lazy\" decoding=\"async\" width=\"1024\" height=\"683\" src=\"https:\/\/www.steremat-afs.de\/wordpress\/wp-content\/uploads\/2020\/09\/Schaukelpferd_1-1024x683.jpg\" alt=\"\" class=\"wp-image-1000\" srcset=\"https:\/\/www.steremat-afs.de\/wordpress\/wp-content\/uploads\/2020\/09\/Schaukelpferd_1-1024x683.jpg 1024w, https:\/\/www.steremat-afs.de\/wordpress\/wp-content\/uploads\/2020\/09\/Schaukelpferd_1-300x200.jpg 300w, https:\/\/www.steremat-afs.de\/wordpress\/wp-content\/uploads\/2020\/09\/Schaukelpferd_1-768x512.jpg 768w, https:\/\/www.steremat-afs.de\/wordpress\/wp-content\/uploads\/2020\/09\/Schaukelpferd_1-1536x1025.jpg 1536w, https:\/\/www.steremat-afs.de\/wordpress\/wp-content\/uploads\/2020\/09\/Schaukelpferd_1-2048x1367.jpg 2048w, https:\/\/www.steremat-afs.de\/wordpress\/wp-content\/uploads\/2020\/09\/Schaukelpferd_1-1200x801.jpg 1200w, https:\/\/www.steremat-afs.de\/wordpress\/wp-content\/uploads\/2020\/09\/Schaukelpferd_1-1980x1321.jpg 1980w\" sizes=\"(max-width: 1024px) 100vw, 1024px\" \/><\/figure><\/div>\n\n\n\n<hr class=\"wp-block-separator\"\/>\n\n\n\n<p class=\"has-text-align-center has-large-font-size\">Sie wollen uns besuchen? <br>Hier finden Sie einen<\/p>\n\n\n\n<div class=\"wp-block-buttons aligncenter is-layout-flex wp-block-buttons-is-layout-flex\">\n<div class=\"wp-block-button\"><a class=\"wp-block-button__link has-background-color has-text-color\" href=\"https:\/\/www.steremat-afs.de\/wordpress\/wegweiser\/\" style=\"border-radius:50px\"><strong>Wegweiser in Bildern<\/strong><\/a><\/div>\n<\/div>\n\n\n\n<div class=\"wp-block-buttons aligncenter is-layout-flex wp-block-buttons-is-layout-flex\"><\/div>\n\n\n\n<hr class=\"wp-block-separator is-style-default\"\/>\n\n\n\n<p class=\"has-text-align-center has-large-font-size\">Wenn Sie unsere Grund-S\u00e4tze lesen m\u00f6chten, <br>dann klicken Sie bitte hier:<\/p>\n\n\n\n<div class=\"wp-block-buttons aligncenter is-layout-flex wp-block-buttons-is-layout-flex\">\n<div class=\"wp-block-button\"><a class=\"wp-block-button__link has-background-color has-text-color\" href=\"https:\/\/www.steremat-afs.de\/wordpress\/grund-saetze\/\" style=\"border-radius:50px\"><strong>Grund-S\u00e4tze<\/strong><\/a><\/div>\n<\/div>\n\n\n\n<hr class=\"wp-block-separator\"\/>\n\n\n\n<p class=\"has-text-align-center has-large-font-size\"><\/p>\n\n\n\n<p><\/p>\n","protected":false},"excerpt":{"rendered":"<p>Herzlich willkommen bei Steremat Unser ganzer Name ist Steremat AFS GmbH. Wir machen Massnahmen f\u00fcr das Jobcenter. Geb\u00e4ude und Haupteingang zur Steremat AFS GmbH an der Storkower Str. 99 Wir machen viele verschiedene Massnahmen. Sie m\u00f6chten bei uns arbeiten? Dann fragen Sie bei uns nach. Daf\u00fcr klicken Sie hier: Das sind einige Beispiele unserer Massnahmen: [&hellip;]<\/p>\n","protected":false},"author":1,"featured_media":1707,"parent":0,"menu_order":0,"comment_status":"closed","ping_status":"closed","template":"","meta":{"footnotes":""},"jetpack_sharing_enabled":true,"_links":{"self":[{"href":"https:\/\/www.steremat-afs.de\/wordpress\/wp-json\/wp\/v2\/pages\/262"}],"collection":[{"href":"https:\/\/www.steremat-afs.de\/wordpress\/wp-json\/wp\/v2\/pages"}],"about":[{"href":"https:\/\/www.steremat-afs.de\/wordpress\/wp-json\/wp\/v2\/types\/page"}],"author":[{"embeddable":true,"href":"https:\/\/www.steremat-afs.de\/wordpress\/wp-json\/wp\/v2\/users\/1"}],"replies":[{"embeddable":true,"href":"https:\/\/www.steremat-afs.de\/wordpress\/wp-json\/wp\/v2\/comments?post=262"}],"version-history":[{"count":53,"href":"https:\/\/www.steremat-afs.de\/wordpress\/wp-json\/wp\/v2\/pages\/262\/revisions"}],"predecessor-version":[{"id":2059,"href":"https:\/\/www.steremat-afs.de\/wordpress\/wp-json\/wp\/v2\/pages\/262\/revisions\/2059"}],"wp:featuredmedia":[{"embeddable":true,"href":"https:\/\/www.steremat-afs.de\/wordpress\/wp-json\/wp\/v2\/media\/1707"}],"wp:attachment":[{"href":"https:\/\/www.steremat-afs.de\/wordpress\/wp-json\/wp\/v2\/media?parent=262"}],"curies":[{"name":"wp","href":"https:\/\/api.w.org\/{rel}","templated":true}]}}