{"id":482,"date":"2020-08-27T20:06:57","date_gmt":"2020-08-27T18:06:57","guid":{"rendered":"http:\/\/www.steremat-afs.de\/wordpress\/?page_id=482"},"modified":"2023-12-08T15:10:50","modified_gmt":"2023-12-08T14:10:50","slug":"grund-saetze","status":"publish","type":"page","link":"https:\/\/www.steremat-afs.de\/wordpress\/grund-saetze\/","title":{"rendered":"Grund-S\u00e4tze"},"content":{"rendered":"\n<h3 class=\"has-text-align-center wp-block-heading\">Grund-S\u00e4tze von <br><strong>Steremat AFS GmbH<\/strong><\/h3>\n\n\n\n<h2 class=\"wp-block-heading\"><strong>Wer wir sind<\/strong><\/h2>\n\n\n\n<p class=\"has-large-font-size\"><strong>Steremat <\/strong>ist ein Arbeit-Geber.<br><br>Bei uns arbeiten Menschen,<br>die nur schwer Arbeit finden.<br><br>Diese Menschen kommen durch das JobCenter zu uns.<\/p>\n\n\n\n<hr class=\"wp-block-separator\"\/>\n\n\n\n<h2 class=\"wp-block-heading\"><strong>Was wir machen<\/strong><\/h2>\n\n\n\n<p class=\"has-large-font-size\"><strong>Steremat <\/strong>macht Massnahmen f\u00fcr das JobCenter.<br><br>Zum Beispiel machen wir diese Massnahmen:<br>   \u00b7 Arbeiten mit Holz<br>   \u00b7 N\u00e4hen<br>   \u00b7 Arbeiten in Gr\u00fcn-Anlagen<br>   \u00b7 Arbeiten am Computer<\/p>\n\n\n\n<hr class=\"wp-block-separator\"\/>\n\n\n\n<p class=\"has-large-font-size\">Dabei k\u00f6nnen die Teilnehmerinnen und Teilnehmer:<br>   \u00b7 ihr K\u00f6nnen verbessern<br>   \u00b7 Neues lernen<br>   \u00b7 Arbeiten ausprobieren<\/p>\n\n\n\n<p class=\"has-large-font-size\">So haben sie mehr Aussichten,<br>eine feste Arbeit zu finden.<\/p>\n\n\n\n<hr class=\"wp-block-separator\"\/>\n\n\n\n<p class=\"has-large-font-size\"><strong>Steremat <\/strong>hilft den Teilnehmerinnen und Teilnehmern.<br>Wenn sie zu Hause grosse Probleme haben.<br><br>Zum Beispiel:<br>   \u00b7 Sie haben Angst, ihre Wohnung zu verlieren.<br>   \u00b7 Sie haben viele Schulden.<br>   \u00b7 Sie haben \u00c4rger mit dem JobCenter.<br><br>Dann k\u00f6nnen wir helfen.<\/p>\n\n\n\n<hr class=\"wp-block-separator\"\/>\n\n\n\n<p class=\"has-large-font-size\">Bei <strong>Steremat <\/strong>gibt es Jobcoaches.<br>Die helfen den Teilnehmerinnen und Teilnehmern,<br>eine feste Arbeit zu finden.<\/p>\n\n\n\n<p class=\"has-large-font-size\">Die Teilnehmerinnen und Teilnehmer entscheiden selber:<br>   \u00b7 ob sie zu einem Jobcoach gehen<br>   \u00b7 ob sie eine feste Arbeit wollen<br>   \u00b7 oder eine Weiter-Bildung<\/p>\n\n\n\n<hr class=\"wp-block-separator\"\/>\n\n\n\n<h2 class=\"wp-block-heading\"><strong>Was uns noch wichtig ist<\/strong><\/h2>\n\n\n\n<p class=\"has-large-font-size\">Alle sind h\u00f6flich zu einander.<br>Niemand st\u00f6rt oder \u00e4rgert die anderen.<\/p>\n\n\n\n<p class=\"has-large-font-size\">Die Mitarbeiterinnen und Mitarbeiter von <strong>Steremat <\/strong>sind gut und erfahren.<\/p>\n\n\n\n<p class=\"has-large-font-size\">Die Mitarbeiterinnen und Mitarbeiter von <strong>Steremat <\/strong>sind offen und haben Vertrauen.<\/p>\n\n\n\n<hr class=\"wp-block-separator\"\/>\n\n\n\n<p class=\"has-large-font-size\">Wir arbeiten mit \u00c4mtern und sozialen Einrichtungen zusammen.<br><br>So k\u00f6nnen wir unsere Massnahmen gut machen.<br>Wir machen immer wieder neue Massnahmen.<\/p>\n\n\n\n<p class=\"has-large-font-size\">Bei uns kann man f\u00fcr Geld diese Arbeiten bestellen:<br>   \u00b7 Haus-Handwerk<br>   \u00b7 Lohn-Buchhaltung<\/p>\n\n\n\n<hr class=\"wp-block-separator\"\/>\n\n\n\n<p class=\"has-large-font-size\"><strong>Steremat <\/strong>hat ein Zertifikat als Unternehmen.<br><br>Das bedeutet:<br>Wir haben ein gutes Zeugnis f\u00fcr unsere Arbeit bekommen.<br><br>Alle 4 Jahre machen wir das Zertifikat neu.<\/p>\n\n\n\n<hr class=\"wp-block-separator\"\/>\n\n\n\n<p class=\"has-text-align-center has-large-font-size\">Zur\u00fcck zur vorherigen Seite?<br>Dann klicken Sie bitte hier: <\/p>\n\n\n\n<div class=\"wp-block-buttons aligncenter is-layout-flex wp-block-buttons-is-layout-flex\">\n<div class=\"wp-block-button\"><a class=\"wp-block-button__link has-background-color has-text-color\" href=\"https:\/\/www.steremat-afs.de\/wordpress\/einfache-sprache\/\" style=\"border-radius:50px\">Einfache Sprache<\/a><\/div>\n<\/div>\n","protected":false},"excerpt":{"rendered":"<p>Grund-S\u00e4tze von Steremat AFS GmbH Wer wir sind Steremat ist ein Arbeit-Geber. Bei uns arbeiten Menschen,die nur schwer Arbeit finden. Diese Menschen kommen durch das JobCenter zu uns. Was wir machen Steremat macht Massnahmen f\u00fcr das JobCenter. Zum Beispiel machen wir diese Massnahmen: \u00b7 Arbeiten mit Holz \u00b7 N\u00e4hen \u00b7 Arbeiten in Gr\u00fcn-Anlagen \u00b7 Arbeiten [&hellip;]<\/p>\n","protected":false},"author":1,"featured_media":268,"parent":0,"menu_order":0,"comment_status":"closed","ping_status":"closed","template":"","meta":{"footnotes":""},"jetpack_sharing_enabled":true,"_links":{"self":[{"href":"https:\/\/www.steremat-afs.de\/wordpress\/wp-json\/wp\/v2\/pages\/482"}],"collection":[{"href":"https:\/\/www.steremat-afs.de\/wordpress\/wp-json\/wp\/v2\/pages"}],"about":[{"href":"https:\/\/www.steremat-afs.de\/wordpress\/wp-json\/wp\/v2\/types\/page"}],"author":[{"embeddable":true,"href":"https:\/\/www.steremat-afs.de\/wordpress\/wp-json\/wp\/v2\/users\/1"}],"replies":[{"embeddable":true,"href":"https:\/\/www.steremat-afs.de\/wordpress\/wp-json\/wp\/v2\/comments?post=482"}],"version-history":[{"count":16,"href":"https:\/\/www.steremat-afs.de\/wordpress\/wp-json\/wp\/v2\/pages\/482\/revisions"}],"predecessor-version":[{"id":2061,"href":"https:\/\/www.steremat-afs.de\/wordpress\/wp-json\/wp\/v2\/pages\/482\/revisions\/2061"}],"wp:featuredmedia":[{"embeddable":true,"href":"https:\/\/www.steremat-afs.de\/wordpress\/wp-json\/wp\/v2\/media\/268"}],"wp:attachment":[{"href":"https:\/\/www.steremat-afs.de\/wordpress\/wp-json\/wp\/v2\/media?parent=482"}],"curies":[{"name":"wp","href":"https:\/\/api.w.org\/{rel}","templated":true}]}}