{"id":85,"date":"2020-06-23T10:25:33","date_gmt":"2020-06-23T08:25:33","guid":{"rendered":"http:\/\/www.steremat-afs.de\/wordpress\/?page_id=85"},"modified":"2021-01-05T13:49:48","modified_gmt":"2021-01-05T12:49:48","slug":"wir-ueber-uns","status":"publish","type":"page","link":"https:\/\/www.steremat-afs.de\/wordpress\/wir-ueber-uns\/","title":{"rendered":"Wir \u00fcber uns"},"content":{"rendered":"\n<h3 class=\"has-text-align-center wp-block-heading\">Wir \u00fcber uns<\/h3>\n\n\n\n<p class=\"has-text-align-left has-large-font-size\">Die Steremat AFS GmbH ist eine im Sinne der Gemeinn\u00fctzigkeit wirkende und handelnde Arbeitsf\u00f6rderungs- und Strukturentwicklungsgesellschaft, die im Oktober 1991 gegr\u00fcndet wurde.<br><br>Ziel des Unternehmens ist es, f\u00fcr Langzeitarbeitslose\u00a0 <a href=\"http:\/\/steremat-afs.de\/wordpress\/angebote\">Arbeitsf\u00f6rderungsma\u00dfnahmen<\/a> vorzubereiten und durchzuf\u00fchren.<br><br>Gegenstand der Gesellschaft ist die <a href=\"http:\/\/steremat-afs.de\/wordpress\/angebote\/beschaeftigung\">Besch\u00e4ftigung<\/a> Qualifizierung und sozialp\u00e4dagogische Betreuung von schwervermittelbaren Langzeitarbeitslosen mit dem Ziel der Hilfe und Unterst\u00fctzung bei der Eingliederung in den Arbeitsprozess.<br><br>Jedem Besch\u00e4ftigten soll eine individuelle Qualifizierung und bei Bedarf eine pers\u00f6nliche Beratung und Betreuung erm\u00f6glicht werden.<br><br>Die Strategie der Steremat AFS GmbH besteht zusammengefasst darin, durch ihr gemeinn\u00fctziges Wirken, in Umsetzung der Zielstellung des Gesellschaftsvertrages, einen aktiven Beitrag zur L\u00f6sung der vom Bund und dem Land Berlin beschlossenen aktiven Arbeitsmarktpolitik zu leisten und den zugewiesenen Teilnehmern durch Qualifizierung, Bewerbungstraining, Arbeitsmarktorientierung und sozialp\u00e4dagogische Betreuung sowie Berufs &#8211; Coaching den Wiedereinstieg in den ersten Arbeitsmarkt zu erleichtern.<\/p>\n\n\n\n<hr class=\"wp-block-separator\"\/>\n\n\n\n<p class=\"has-text-align-center has-large-font-size\">Lesen Sie hier mehr \u00fcber unser<\/p>\n\n\n\n<div class=\"wp-block-buttons aligncenter is-layout-flex wp-block-buttons-is-layout-flex\">\n<div class=\"wp-block-button\"><a class=\"wp-block-button__link has-background-color has-text-color\" href=\"https:\/\/www.steremat-afs.de\/wordpress\/wir-ueber-uns\/leitbild\/\" style=\"border-radius:50px\"><strong>Leitbild<\/strong><\/a><\/div>\n<\/div>\n","protected":false},"excerpt":{"rendered":"<p>Wir \u00fcber uns Die Steremat AFS GmbH ist eine im Sinne der Gemeinn\u00fctzigkeit wirkende und handelnde Arbeitsf\u00f6rderungs- und Strukturentwicklungsgesellschaft, die im Oktober 1991 gegr\u00fcndet wurde. Ziel des Unternehmens ist es, f\u00fcr Langzeitarbeitslose\u00a0 Arbeitsf\u00f6rderungsma\u00dfnahmen vorzubereiten und durchzuf\u00fchren. Gegenstand der Gesellschaft ist die Besch\u00e4ftigung Qualifizierung und sozialp\u00e4dagogische Betreuung von schwervermittelbaren Langzeitarbeitslosen mit dem Ziel der Hilfe und [&hellip;]<\/p>\n","protected":false},"author":1,"featured_media":983,"parent":0,"menu_order":0,"comment_status":"closed","ping_status":"closed","template":"","meta":{"footnotes":""},"jetpack_sharing_enabled":true,"_links":{"self":[{"href":"https:\/\/www.steremat-afs.de\/wordpress\/wp-json\/wp\/v2\/pages\/85"}],"collection":[{"href":"https:\/\/www.steremat-afs.de\/wordpress\/wp-json\/wp\/v2\/pages"}],"about":[{"href":"https:\/\/www.steremat-afs.de\/wordpress\/wp-json\/wp\/v2\/types\/page"}],"author":[{"embeddable":true,"href":"https:\/\/www.steremat-afs.de\/wordpress\/wp-json\/wp\/v2\/users\/1"}],"replies":[{"embeddable":true,"href":"https:\/\/www.steremat-afs.de\/wordpress\/wp-json\/wp\/v2\/comments?post=85"}],"version-history":[{"count":15,"href":"https:\/\/www.steremat-afs.de\/wordpress\/wp-json\/wp\/v2\/pages\/85\/revisions"}],"predecessor-version":[{"id":1417,"href":"https:\/\/www.steremat-afs.de\/wordpress\/wp-json\/wp\/v2\/pages\/85\/revisions\/1417"}],"wp:featuredmedia":[{"embeddable":true,"href":"https:\/\/www.steremat-afs.de\/wordpress\/wp-json\/wp\/v2\/media\/983"}],"wp:attachment":[{"href":"https:\/\/www.steremat-afs.de\/wordpress\/wp-json\/wp\/v2\/media?parent=85"}],"curies":[{"name":"wp","href":"https:\/\/api.w.org\/{rel}","templated":true}]}}