{"id":91,"date":"2020-06-23T10:27:12","date_gmt":"2020-06-23T08:27:12","guid":{"rendered":"http:\/\/www.steremat-afs.de\/wordpress\/?page_id=91"},"modified":"2023-12-17T14:12:06","modified_gmt":"2023-12-17T13:12:06","slug":"partner","status":"publish","type":"page","link":"https:\/\/www.steremat-afs.de\/wordpress\/partner\/","title":{"rendered":"Partner"},"content":{"rendered":"\n<h4 class=\"has-text-align-center wp-block-heading\">Partner<\/h4>\n\n\n\n<p class=\"has-text-align-center has-large-font-size\"><strong>Agentur f\u00fcr Arbeit Berlin Mitte, Nord &amp; S\u00fcd<br>JobCenter und \u00c4mter folgender Berliner Bezirke:<\/strong><\/p>\n\n\n\n<p class=\"has-large-font-size\">Charlottenburg-Wilmersdorf<br>Friedrichshain-Kreuzberg<br>Lichtenberg<br>Marzahn-Hellersdorf<br>Mitte<br>Neuk\u00f6lln &nbsp;&nbsp;&nbsp; &nbsp;<br>Pankow<br>Reinickendorf<br>Spandau<br>Steglitz-Zehlendorf &nbsp;&nbsp;&nbsp; &nbsp;<br>Tempelhof-Sch\u00f6neberg<br>Treptow-K\u00f6penick&nbsp;<\/p>\n\n\n\n<hr class=\"wp-block-separator\"\/>\n\n\n\n<p class=\"has-text-align-center has-large-font-size\"><strong>weitere Partner:<\/strong><\/p>\n\n\n\n<ul><li>Agrar GmbH Gut Hobrechtsfelde<\/li><li>Alpha-B\u00fcndnis Pankow<\/li><li>Berliner Forsten<\/li><li>Berliner Schul\u00e4mter<\/li><li>beta GmbH<\/li><li>Bezirkliches B\u00fcndnis f\u00fcr Wirtschaft und Arbeit Friedrichshain-Kreuzberg<\/li><li>Bezirkliches B\u00fcndnis f\u00fcr Wirtschaft und Arbeit Lichtenberg<\/li><li>Bezirksamt Charlottenburg-Wilmersdorf, Stra\u00dfen- und Gr\u00fcnfl\u00e4chenamt<\/li><li>Bezirksamt Charlottenburg-Wilmersdorf, Verwaltungsinformationszentrum (VIZ)<\/li><li>Bezirksamt Spandau, Untere Denkmalschutzbeh\u00f6rde<\/li><li>Bezirksamt Mitte, Untere Denkmalschutzbeh\u00f6rde<\/li><li>Bezirksamt Neuk\u00f6lln, Stra\u00dfen- und Gr\u00fcnfl\u00e4chenamt<\/li><li>Bezirksamt Neuk\u00f6lln, Untere Denkmalschutzbeh\u00f6rde<\/li><li>Bezirksamt Pankow, Abteilung Umwelt und Naturschutz<\/li><li>Bezirksamt Reinickendorf, Umwelt- und Naturschutzamt<\/li><li>Bezirksamt Reinickendorf, Wirtschaftsf\u00f6rderung<\/li><li>Bezirksamt Spandau, Untere Denkmalschutzbeh\u00f6rde<\/li><li>Bezirksamt Tempelhof-Sch\u00f6neberg, Untere Denkmalschutzbeh\u00f6rde<\/li><li>Freilandlabor Kaniswall<\/li><li>Landesdenkmalamt Berlin<\/li><li>pro futura e.V.<\/li><li>Senatsverwaltung f\u00fcr Arbeit, Soziales, Gleichstellung, Integration und Antidiskriminierung<\/li><li>Senatsverwaltung f\u00fcr Mobilit\u00e4t, Verkehr, Klimaschutz und Umwelt<\/li><li>zgs consult gmbH<\/li><li>sowie viele Kitas und Schulen, gemeinn\u00fctzige Einrichtungen und Initiativen in Berlin<\/li><\/ul>\n\n\n\n<hr class=\"wp-block-separator\"\/>\n\n\n\n<p class=\"has-text-align-center has-large-font-size\">Falls Sie uns einmal besuchen wollen,<br>erfahren Sie hier mehr \u00fcber unsere<\/p>\n\n\n\n<div class=\"wp-block-buttons aligncenter is-layout-flex wp-block-buttons-is-layout-flex\">\n<div class=\"wp-block-button\"><a class=\"wp-block-button__link has-background-color has-text-color\" href=\"https:\/\/www.steremat-afs.de\/wordpress\/standorte\/\" style=\"border-radius:50px\"><strong>Standorte<\/strong><\/a><\/div>\n<\/div>\n","protected":false},"excerpt":{"rendered":"<p>Partner Agentur f\u00fcr Arbeit Berlin Mitte, Nord &amp; S\u00fcdJobCenter und \u00c4mter folgender Berliner Bezirke: Charlottenburg-WilmersdorfFriedrichshain-KreuzbergLichtenbergMarzahn-HellersdorfMitteNeuk\u00f6lln &nbsp;&nbsp;&nbsp; &nbsp;PankowReinickendorfSpandauSteglitz-Zehlendorf &nbsp;&nbsp;&nbsp; &nbsp;Tempelhof-Sch\u00f6nebergTreptow-K\u00f6penick&nbsp; weitere Partner: Agrar GmbH Gut Hobrechtsfelde Alpha-B\u00fcndnis Pankow Berliner Forsten Berliner Schul\u00e4mter beta GmbH Bezirkliches B\u00fcndnis f\u00fcr Wirtschaft und Arbeit Friedrichshain-Kreuzberg Bezirkliches B\u00fcndnis f\u00fcr Wirtschaft und Arbeit Lichtenberg Bezirksamt Charlottenburg-Wilmersdorf, Stra\u00dfen- und Gr\u00fcnfl\u00e4chenamt Bezirksamt Charlottenburg-Wilmersdorf, Verwaltungsinformationszentrum [&hellip;]<\/p>\n","protected":false},"author":1,"featured_media":165,"parent":0,"menu_order":0,"comment_status":"closed","ping_status":"closed","template":"","meta":{"footnotes":""},"jetpack_sharing_enabled":true,"_links":{"self":[{"href":"https:\/\/www.steremat-afs.de\/wordpress\/wp-json\/wp\/v2\/pages\/91"}],"collection":[{"href":"https:\/\/www.steremat-afs.de\/wordpress\/wp-json\/wp\/v2\/pages"}],"about":[{"href":"https:\/\/www.steremat-afs.de\/wordpress\/wp-json\/wp\/v2\/types\/page"}],"author":[{"embeddable":true,"href":"https:\/\/www.steremat-afs.de\/wordpress\/wp-json\/wp\/v2\/users\/1"}],"replies":[{"embeddable":true,"href":"https:\/\/www.steremat-afs.de\/wordpress\/wp-json\/wp\/v2\/comments?post=91"}],"version-history":[{"count":30,"href":"https:\/\/www.steremat-afs.de\/wordpress\/wp-json\/wp\/v2\/pages\/91\/revisions"}],"predecessor-version":[{"id":2072,"href":"https:\/\/www.steremat-afs.de\/wordpress\/wp-json\/wp\/v2\/pages\/91\/revisions\/2072"}],"wp:featuredmedia":[{"embeddable":true,"href":"https:\/\/www.steremat-afs.de\/wordpress\/wp-json\/wp\/v2\/media\/165"}],"wp:attachment":[{"href":"https:\/\/www.steremat-afs.de\/wordpress\/wp-json\/wp\/v2\/media?parent=91"}],"curies":[{"name":"wp","href":"https:\/\/api.w.org\/{rel}","templated":true}]}}